{"id":9,"date":"2018-05-11T16:14:22","date_gmt":"2018-05-11T14:14:22","guid":{"rendered":"http:\/\/radiologie-cambrai.fr\/?page_id=9"},"modified":"2018-06-04T18:02:48","modified_gmt":"2018-06-04T16:02:48","slug":"le-materiel","status":"publish","type":"page","link":"https:\/\/radiologie-cambrai.fr\/?page_id=9","title":{"rendered":"Le mat\u00e9riel"},"content":{"rendered":"<h1 style=\"text-align: center;\">Le mat\u00e9riel<\/h1>\n<p>Le cabinet dispose de diff\u00e9rents mat\u00e9riels pour effectuer les diff\u00e9rents examens :<\/p>\n<ul>\n<li>2 ECHOGRAPHES<\/li>\n<\/ul>\n<p><img loading=\"lazy\" class=\"size-medium wp-image-168 aligncenter\" src=\"https:\/\/radiologie-cambrai.fr\/wp-content\/uploads\/2018\/05\/salle-echo-300x225.jpg\" alt=\"\" width=\"300\" height=\"225\" srcset=\"https:\/\/radiologie-cambrai.fr\/wp-content\/uploads\/2018\/05\/salle-echo-300x225.jpg 300w, https:\/\/radiologie-cambrai.fr\/wp-content\/uploads\/2018\/05\/salle-echo-768x577.jpg 768w, https:\/\/radiologie-cambrai.fr\/wp-content\/uploads\/2018\/05\/salle-echo-1024x769.jpg 1024w, https:\/\/radiologie-cambrai.fr\/wp-content\/uploads\/2018\/05\/salle-echo-1500x1126.jpg 1500w\" sizes=\"(max-width: 300px) 100vw, 300px\" \/><\/p>\n<p>&nbsp;<\/p>\n<ul>\n<li>1 MAMMOGRAPHE NUMERIQUE AVEC TOMOSYNTHESE<\/li>\n<\/ul>\n<p><img loading=\"lazy\" class=\"size-medium wp-image-169 aligncenter\" src=\"https:\/\/radiologie-cambrai.fr\/wp-content\/uploads\/2018\/05\/salle-mammo-225x300.jpg\" alt=\"\" width=\"225\" height=\"300\" srcset=\"https:\/\/radiologie-cambrai.fr\/wp-content\/uploads\/2018\/05\/salle-mammo-225x300.jpg 225w, https:\/\/radiologie-cambrai.fr\/wp-content\/uploads\/2018\/05\/salle-mammo-768x1023.jpg 768w, https:\/\/radiologie-cambrai.fr\/wp-content\/uploads\/2018\/05\/salle-mammo-769x1024.jpg 769w, https:\/\/radiologie-cambrai.fr\/wp-content\/uploads\/2018\/05\/salle-mammo-1500x1998.jpg 1500w\" sizes=\"(max-width: 225px) 100vw, 225px\" \/><\/p>\n<p>&nbsp;<\/p>\n<ul>\n<li>2 SALLES DE RADIOLOGIE NUMERIQUE CAPTEUR PLAN<\/li>\n<\/ul>\n<p><img loading=\"lazy\" class=\"size-medium wp-image-170 aligncenter\" src=\"https:\/\/radiologie-cambrai.fr\/wp-content\/uploads\/2018\/05\/salle-radio-1-300x225.jpg\" alt=\"\" width=\"300\" height=\"225\" srcset=\"https:\/\/radiologie-cambrai.fr\/wp-content\/uploads\/2018\/05\/salle-radio-1-300x225.jpg 300w, https:\/\/radiologie-cambrai.fr\/wp-content\/uploads\/2018\/05\/salle-radio-1-768x577.jpg 768w, https:\/\/radiologie-cambrai.fr\/wp-content\/uploads\/2018\/05\/salle-radio-1-1024x769.jpg 1024w, https:\/\/radiologie-cambrai.fr\/wp-content\/uploads\/2018\/05\/salle-radio-1-1500x1126.jpg 1500w\" sizes=\"(max-width: 300px) 100vw, 300px\" \/><\/p>\n<p>&nbsp;<\/p>\n<p>&nbsp;<\/p>\n<ul>\n<li>1 PANORAMIQUE DENTAIRE NUMERIQUE<\/li>\n<\/ul>\n<p><img loading=\"lazy\" class=\"size-medium wp-image-165 aligncenter\" src=\"https:\/\/radiologie-cambrai.fr\/wp-content\/uploads\/2018\/05\/panoramique-dentaire-225x300.jpg\" alt=\"\" width=\"225\" height=\"300\" srcset=\"https:\/\/radiologie-cambrai.fr\/wp-content\/uploads\/2018\/05\/panoramique-dentaire-225x300.jpg 225w, https:\/\/radiologie-cambrai.fr\/wp-content\/uploads\/2018\/05\/panoramique-dentaire-768x1023.jpg 768w, https:\/\/radiologie-cambrai.fr\/wp-content\/uploads\/2018\/05\/panoramique-dentaire-769x1024.jpg 769w, https:\/\/radiologie-cambrai.fr\/wp-content\/uploads\/2018\/05\/panoramique-dentaire-1500x1998.jpg 1500w\" sizes=\"(max-width: 225px) 100vw, 225px\" \/><\/p>\n<p>&nbsp;<\/p>\n<ul>\n<li>1 OSTEODENSITOMETRE<\/li>\n<li>2 IRM<\/li>\n<li>2 SCANNERS<\/li>\n<\/ul>\n","protected":false},"excerpt":{"rendered":"<p>Le mat\u00e9riel Le cabinet dispose de diff\u00e9rents mat\u00e9riels pour effectuer les diff\u00e9rents examens : 2 ECHOGRAPHES &nbsp; 1 MAMMOGRAPHE NUMERIQUE AVEC TOMOSYNTHESE &nbsp; 2 SALLES DE RADIOLOGIE NUMERIQUE CAPTEUR PLAN &nbsp; &nbsp; 1 PANORAMIQUE DENTAIRE NUMERIQUE &nbsp; 1 OSTEODENSITOMETRE 2 IRM 2 SCANNERS<\/p>\n","protected":false},"author":1,"featured_media":0,"parent":0,"menu_order":0,"comment_status":"closed","ping_status":"closed","template":"","meta":[],"_links":{"self":[{"href":"https:\/\/radiologie-cambrai.fr\/index.php?rest_route=\/wp\/v2\/pages\/9"}],"collection":[{"href":"https:\/\/radiologie-cambrai.fr\/index.php?rest_route=\/wp\/v2\/pages"}],"about":[{"href":"https:\/\/radiologie-cambrai.fr\/index.php?rest_route=\/wp\/v2\/types\/page"}],"author":[{"embeddable":true,"href":"https:\/\/radiologie-cambrai.fr\/index.php?rest_route=\/wp\/v2\/users\/1"}],"replies":[{"embeddable":true,"href":"https:\/\/radiologie-cambrai.fr\/index.php?rest_route=%2Fwp%2Fv2%2Fcomments&post=9"}],"version-history":[{"count":6,"href":"https:\/\/radiologie-cambrai.fr\/index.php?rest_route=\/wp\/v2\/pages\/9\/revisions"}],"predecessor-version":[{"id":286,"href":"https:\/\/radiologie-cambrai.fr\/index.php?rest_route=\/wp\/v2\/pages\/9\/revisions\/286"}],"wp:attachment":[{"href":"https:\/\/radiologie-cambrai.fr\/index.php?rest_route=%2Fwp%2Fv2%2Fmedia&parent=9"}],"curies":[{"name":"wp","href":"https:\/\/api.w.org\/{rel}","templated":true}]}}