{"id":68,"date":"2018-05-15T19:03:31","date_gmt":"2018-05-15T17:03:31","guid":{"rendered":"http:\/\/radiologie-cambrai.fr\/?page_id=68"},"modified":"2018-06-26T07:59:06","modified_gmt":"2018-06-26T05:59:06","slug":"transit-pharyngo-oesophagien","status":"publish","type":"page","link":"https:\/\/radiologie-cambrai.fr\/?page_id=68","title":{"rendered":"Transit pharyngo oesophagien"},"content":{"rendered":"<h1 style=\"text-align: center;\">Transit pharyngo oesophagien<\/h1>\n<h3 style=\"text-align: center;\"><strong>De quoi s\u2019agit-il ?<\/strong><\/h3>\n<p>Le transit pharyngo \u0153sophagien est un examen qui permet d\u2019\u00e9tudier la d\u00e9glutition, \u00ab l\u2019arri\u00e8re gorge \u00bb (pharynx) et l\u2019\u0153sophage.<\/p>\n<p>&nbsp;<\/p>\n<p>Elle est utile \u00e0 votre m\u00e9decin pour d\u00e9terminer l&#8217;origine de vos sympt\u00f4mes.<\/p>\n<p>&nbsp;<\/p>\n<p>Pourquoi choisir le transit \u0153sogastroduod\u00e9nal ?<\/p>\n<p>&nbsp;<\/p>\n<p>Cet examen est r\u00e9alis\u00e9 pour mettre en \u00e9vidence d&#8217;\u00e9ventuelles l\u00e9sions ou pour contr\u00f4ler les r\u00e9sultats d&#8217;une intervention chirurgicale.<\/p>\n<p>&nbsp;<\/p>\n<p>&nbsp;<\/p>\n<p><strong>D\u00e9roulement de l\u2019examen<\/strong><\/p>\n<p>&nbsp;<\/p>\n<p>Un produit \u00e0 base d\u2019iode, opaque aux rayons X, sera utilis\u00e9 et administr\u00e9 par la bouche (produit de contraste iod\u00e9s, sulfate de baryum ou produit de contraste hydrosoluble). Ces agents de contraste permettent de rep\u00e9rer le tube digestif sup\u00e9rieur lors des radiographies par rayons X.<\/p>\n<p>&nbsp;<\/p>\n<p>L\u2019examen dure environ 15 minutes.<\/p>\n<p>&nbsp;<\/p>\n<p><strong>Quelles complications peuvent survenir pendant l&#8217;examen ?<\/strong><\/p>\n<p>&nbsp;<\/p>\n<p>Toute intervention sur le corps humain, m\u00eame conduite dans des conditions de comp\u00e9tence et de s\u00e9curit\u00e9 maximales, comporte un risque de complication.<\/p>\n<p>&nbsp;<\/p>\n<p>Les complications du transit pharyngo \u0153sophagien sont exceptionnelles :<\/p>\n<p>&nbsp;<\/p>\n<p>&#8211; r\u00e9action allergique au produit de contraste absorb\u00e9<\/p>\n<p>&#8211; fausses routes qui traduisent le passage du produit de contraste dans les voies a\u00e9riennes sup\u00e9rieures qui peuvent \u00eatre responsable de g\u00eanes respiratoires ;<\/p>\n<p>&#8211; passage du produit de contraste \u00e0 travers la paroi du tube digestif en cas de perforation.<\/p>\n<p>Dans des cas tr\u00e8s exceptionnels, ces complications peuvent \u00eatre s\u00e9rieuses.<\/p>\n<p>&nbsp;<\/p>\n<p><strong>R\u00e9sultats<\/strong><\/p>\n<p>&nbsp;<\/p>\n<p>Un premier commentaire pourra vous \u00eatre donn\u00e9 juste apr\u00e8s l\u2019examen. Il ne s\u2019agira l\u00e0 que d\u2019une premi\u00e8re approche, car les images doivent \u00eatre ensuite analys\u00e9es par le m\u00e9decin radiologue.<\/p>\n<p>&nbsp;<\/p>\n<p>Le compte-rendu \u00e9crit sera disponible dans les meilleurs d\u00e9lais.<\/p>\n<p>&nbsp;<\/p>\n<p><strong>Apportez le jour de l\u2019examen :<\/strong><\/p>\n<p>&nbsp;<\/p>\n<p>La demande de votre m\u00e9decin (ordonnance, lettre\u2026.)<\/p>\n<p>&nbsp;<\/p>\n<p>Le dossier radiologique en votre possession (radiographies, \u00e9chographies, scanners, IRM &#8230;)<\/p>\n<p>&nbsp;<\/p>\n<p>&nbsp;<\/p>\n<p><strong>Pour l\u2019examen :<\/strong><\/p>\n<p>&nbsp;<\/p>\n<p>Il faut \u00eatre \u00e0 jeun strictement (sans boire ni manger ni fumer) durant les 4 heures pr\u00e9c\u00e9dant l&#8217;examen.<\/p>\n<p>&nbsp;<\/p>\n<p><strong>Apr\u00e8s l\u2019examen :<\/strong><\/p>\n<p>&nbsp;<\/p>\n<p>Vous pourrez vous nourrir normalement.<\/p>\n<p>&nbsp;<\/p>\n<p>Si besoin, reprenez contact avec nous.<\/p>\n","protected":false},"excerpt":{"rendered":"<p>Transit pharyngo oesophagien De quoi s\u2019agit-il ? Le transit pharyngo \u0153sophagien est un examen qui permet d\u2019\u00e9tudier la d\u00e9glutition, \u00ab l\u2019arri\u00e8re gorge \u00bb (pharynx) et l\u2019\u0153sophage. &nbsp; Elle est utile \u00e0 votre m\u00e9decin pour d\u00e9terminer l&#8217;origine de vos sympt\u00f4mes. &nbsp; Pourquoi choisir le transit \u0153sogastroduod\u00e9nal ? &nbsp; Cet examen est r\u00e9alis\u00e9 pour mettre en \u00e9vidence [&hellip;]<\/p>\n","protected":false},"author":1,"featured_media":0,"parent":0,"menu_order":0,"comment_status":"closed","ping_status":"closed","template":"","meta":[],"_links":{"self":[{"href":"https:\/\/radiologie-cambrai.fr\/index.php?rest_route=\/wp\/v2\/pages\/68"}],"collection":[{"href":"https:\/\/radiologie-cambrai.fr\/index.php?rest_route=\/wp\/v2\/pages"}],"about":[{"href":"https:\/\/radiologie-cambrai.fr\/index.php?rest_route=\/wp\/v2\/types\/page"}],"author":[{"embeddable":true,"href":"https:\/\/radiologie-cambrai.fr\/index.php?rest_route=\/wp\/v2\/users\/1"}],"replies":[{"embeddable":true,"href":"https:\/\/radiologie-cambrai.fr\/index.php?rest_route=%2Fwp%2Fv2%2Fcomments&post=68"}],"version-history":[{"count":4,"href":"https:\/\/radiologie-cambrai.fr\/index.php?rest_route=\/wp\/v2\/pages\/68\/revisions"}],"predecessor-version":[{"id":333,"href":"https:\/\/radiologie-cambrai.fr\/index.php?rest_route=\/wp\/v2\/pages\/68\/revisions\/333"}],"wp:attachment":[{"href":"https:\/\/radiologie-cambrai.fr\/index.php?rest_route=%2Fwp%2Fv2%2Fmedia&parent=68"}],"curies":[{"name":"wp","href":"https:\/\/api.w.org\/{rel}","templated":true}]}}