{"id":66,"date":"2018-05-15T19:03:10","date_gmt":"2018-05-15T17:03:10","guid":{"rendered":"http:\/\/radiologie-cambrai.fr\/?page_id=66"},"modified":"2018-06-04T18:26:56","modified_gmt":"2018-06-04T16:26:56","slug":"transit-oeso-gastro-duodenal","status":"publish","type":"page","link":"https:\/\/radiologie-cambrai.fr\/?page_id=66","title":{"rendered":"Transit oeso gastro duod\u00e9nal"},"content":{"rendered":"<h1 style=\"text-align: center;\">Transit oeso gastro duod\u00e9nal (TOGD)<\/h1>\n<p>&nbsp;<\/p>\n<h3 style=\"text-align: center;\"><strong>De quoi s\u2019agit-il\u00a0?<\/strong><\/h3>\n<p>&nbsp;<\/p>\n<p>Le transit \u0153sogastroduod\u00e9nal est une exploration qui sert \u00e0 mettre en \u00e9vidence des l\u00e9sions de l&#8217;\u0153sophage, de l&#8217;estomac ou du duod\u00e9num.<\/p>\n<p>&nbsp;<\/p>\n<p>Elle est utile \u00e0 votre m\u00e9decin pour d\u00e9terminer l&#8217;origine de vos sympt\u00f4mes.<\/p>\n<p>&nbsp;<\/p>\n<p><strong>Pourquoi choisir le transit \u0153sogastroduod\u00e9nal ?<\/strong><\/p>\n<p>&nbsp;<\/p>\n<p>Cet examen est compl\u00e9mentaire de la fibroscopie \u0153so-gastrique pour mettre en \u00e9vidence d&#8217;\u00e9ventuelles l\u00e9sions ou pour contr\u00f4ler les r\u00e9sultats d&#8217;une intervention chirurgicale.<\/p>\n<p>&nbsp;<\/p>\n<p><strong>Le d\u00e9roulement de l\u2019examen<\/strong><\/p>\n<p>&nbsp;<\/p>\n<p>Un produit \u00e0 base d\u2019iode, opaque aux rayons X, sera utilis\u00e9 et administr\u00e9 par la bouche (sulfate de baryum ou produit de contraste hydrosoluble). Ces agents de contraste permettent de rep\u00e9rer le tube digestif sup\u00e9rieur lors des radiographies par rayons X.<\/p>\n<p>&nbsp;<\/p>\n<p>La dur\u00e9e de l&#8217;examen est d&#8217;environ 15 \u00e0 20 minutes.<\/p>\n<p>&nbsp;<\/p>\n<p><strong>Quelles complications peuvent survenir pendant l&#8217;examen ?<\/strong><\/p>\n<p>&nbsp;<\/p>\n<p>Toute intervention sur le corps humain, m\u00eame conduite dans des conditions de comp\u00e9tence et de s\u00e9curit\u00e9 maximales, comporte un risque de complication.<\/p>\n<p>&nbsp;<\/p>\n<p>Les complications du transit \u0153sogastroduod\u00e9nal sont exceptionnelles :<\/p>\n<p>&#8211;\u00a0 r\u00e9action allergique au produit de contraste absorb\u00e9<\/p>\n<p>&#8211; fausses routes qui traduisent le passage du produit de contraste dans les voies a\u00e9riennes sup\u00e9rieures qui peut \u00eatre responsable de sympt\u00f4mes respiratoires ;<\/p>\n<p>&#8211; passage du produit de contraste \u00e0 travers la paroi du tube digestif en cas de perforation.<\/p>\n<p>&nbsp;<\/p>\n<p>Dans des cas tr\u00e8s exceptionnels, ces complications peuvent \u00eatre s\u00e9rieuses.<\/p>\n<p>&nbsp;<\/p>\n<p><strong>R\u00e9sultats<\/strong><\/p>\n<p>&nbsp;<\/p>\n<p>Un premier commentaire pourra vous \u00eatre donn\u00e9 juste apr\u00e8s l\u2019examen. Il ne s\u2019agira l\u00e0 que d\u2019une premi\u00e8re approche, car les images doivent \u00eatre ensuite analys\u00e9es par le m\u00e9decin radiologue. Le compte-rendu \u00e9crit sera disponible dans les meilleurs d\u00e9lais.<\/p>\n","protected":false},"excerpt":{"rendered":"<p>Transit oeso gastro duod\u00e9nal (TOGD) &nbsp; De quoi s\u2019agit-il\u00a0? &nbsp; Le transit \u0153sogastroduod\u00e9nal est une exploration qui sert \u00e0 mettre en \u00e9vidence des l\u00e9sions de l&#8217;\u0153sophage, de l&#8217;estomac ou du duod\u00e9num. &nbsp; Elle est utile \u00e0 votre m\u00e9decin pour d\u00e9terminer l&#8217;origine de vos sympt\u00f4mes. &nbsp; Pourquoi choisir le transit \u0153sogastroduod\u00e9nal ? &nbsp; Cet examen est [&hellip;]<\/p>\n","protected":false},"author":1,"featured_media":0,"parent":0,"menu_order":0,"comment_status":"closed","ping_status":"closed","template":"","meta":[],"_links":{"self":[{"href":"https:\/\/radiologie-cambrai.fr\/index.php?rest_route=\/wp\/v2\/pages\/66"}],"collection":[{"href":"https:\/\/radiologie-cambrai.fr\/index.php?rest_route=\/wp\/v2\/pages"}],"about":[{"href":"https:\/\/radiologie-cambrai.fr\/index.php?rest_route=\/wp\/v2\/types\/page"}],"author":[{"embeddable":true,"href":"https:\/\/radiologie-cambrai.fr\/index.php?rest_route=\/wp\/v2\/users\/1"}],"replies":[{"embeddable":true,"href":"https:\/\/radiologie-cambrai.fr\/index.php?rest_route=%2Fwp%2Fv2%2Fcomments&post=66"}],"version-history":[{"count":4,"href":"https:\/\/radiologie-cambrai.fr\/index.php?rest_route=\/wp\/v2\/pages\/66\/revisions"}],"predecessor-version":[{"id":308,"href":"https:\/\/radiologie-cambrai.fr\/index.php?rest_route=\/wp\/v2\/pages\/66\/revisions\/308"}],"wp:attachment":[{"href":"https:\/\/radiologie-cambrai.fr\/index.php?rest_route=%2Fwp%2Fv2%2Fmedia&parent=66"}],"curies":[{"name":"wp","href":"https:\/\/api.w.org\/{rel}","templated":true}]}}