{"id":64,"date":"2018-05-15T19:02:35","date_gmt":"2018-05-15T17:02:35","guid":{"rendered":"http:\/\/radiologie-cambrai.fr\/?page_id=64"},"modified":"2018-06-14T08:00:06","modified_gmt":"2018-06-14T06:00:06","slug":"grele","status":"publish","type":"page","link":"https:\/\/radiologie-cambrai.fr\/?page_id=64","title":{"rendered":"Gr\u00eale"},"content":{"rendered":"<h1 style=\"text-align: center;\">Transit du Gr\u00eale<\/h1>\n<p>&nbsp;<\/p>\n<h3 style=\"text-align: center;\"><strong>De quoi s\u2019agit-il\u00a0?<\/strong><\/h3>\n<p>&nbsp;<\/p>\n<p>Le transit du gr\u00eale est une radiographie de l&#8217;intestin gr\u00eale qui sert \u00e0 mettre en \u00e9vidence des l\u00e9sions de ce segment digestif.<\/p>\n<p>&nbsp;<\/p>\n<p>Pour le r\u00e9aliser, il vous sera demand\u00e9 de vous munir d\u2019une bouteille d\u2019eau p\u00e9tillante.<\/p>\n<p>&nbsp;<\/p>\n<p>Il est utile \u00e0 votre m\u00e9decin pour d\u00e9terminer l&#8217;origine de vos sympt\u00f4mes ou pour contr\u00f4ler une intervention chirurgicale.<\/p>\n<p>&nbsp;<\/p>\n<p><strong>Pourquoi choisir le transit du gr\u00eale ?<\/strong><\/p>\n<p>&nbsp;<\/p>\n<p>C&#8217;est l&#8217;examen de r\u00e9f\u00e9rence pour explorer l&#8217;intestin gr\u00eale, car l&#8217;endoscopie digestive (fibroscopie gastrique ou coloscopie) ne permet pas d&#8217;explorer ce segment digestif.<\/p>\n<p>&nbsp;<\/p>\n<p><strong>Le d\u00e9roulement de l\u2019examen<\/strong><\/p>\n<p>&nbsp;<\/p>\n<p>Un produit opaque aux rayons X, sera utilis\u00e9 et administr\u00e9 par la bouche (sulfate de baryum ou produit de contraste hydrosoluble).<\/p>\n<p>&nbsp;<\/p>\n<p>Ces agents de contraste permettent de rep\u00e9rer le tube digestif sup\u00e9rieur lors des radiographies par rayons X.<\/p>\n<p>&nbsp;<\/p>\n<p>Pendant l&#8217;examen, vous serez couch\u00e9 dans diff\u00e9rentes positions. La dur\u00e9e de l&#8217;examen d\u00e9pend de la progression du produit de contraste dans l&#8217;intestin et varie de 30 minutes \u00e0 1 h 30. Si vous constatez des douleurs au cours de l&#8217;examen, dites-le au manipulateur.<\/p>\n<p>&nbsp;<\/p>\n<p><strong>Quelles complications li\u00e9es \u00e0 l\u2019examen ?<\/strong><\/p>\n<p>&nbsp;<\/p>\n<p>Toute intervention sur le corps humain, m\u00eame conduite dans des conditions de comp\u00e9tence et de s\u00e9curit\u00e9 maximales, comporte un risque de complication.<\/p>\n<p>&nbsp;<\/p>\n<p>Les complications du transit du gr\u00eale sont exceptionnelles :<\/p>\n<p>&#8211;\u00a0 r\u00e9action allergique au produit de contraste absorb\u00e9,<\/p>\n<p>&#8211; fausses routes, c\u2019est-\u00e0-dire passage du produit de contraste dans les voies a\u00e9riennes sup\u00e9rieures, ce qui peut \u00eatre responsable de sympt\u00f4mes respiratoires,<\/p>\n<p>&nbsp;<\/p>\n<p>Dans des cas tr\u00e8s exceptionnels, ces complications peuvent \u00eatre s\u00e9rieuses.<\/p>\n<p>&nbsp;<\/p>\n<p><strong>R\u00e9sultats<\/strong><\/p>\n<p>&nbsp;<\/p>\n<p>Un premier commentaire pourra vous \u00eatre donn\u00e9 juste apr\u00e8s l\u2019examen. Il ne s\u2019agira l\u00e0 que d\u2019une premi\u00e8re approche, car les images doivent \u00eatre ensuite analys\u00e9es par le m\u00e9decin radiologue. Le compte-rendu \u00e9crit sera disponible dans les meilleurs d\u00e9lais.<\/p>\n","protected":false},"excerpt":{"rendered":"<p>Transit du Gr\u00eale &nbsp; De quoi s\u2019agit-il\u00a0? &nbsp; Le transit du gr\u00eale est une radiographie de l&#8217;intestin gr\u00eale qui sert \u00e0 mettre en \u00e9vidence des l\u00e9sions de ce segment digestif. &nbsp; Pour le r\u00e9aliser, il vous sera demand\u00e9 de vous munir d\u2019une bouteille d\u2019eau p\u00e9tillante. &nbsp; Il est utile \u00e0 votre m\u00e9decin pour d\u00e9terminer l&#8217;origine [&hellip;]<\/p>\n","protected":false},"author":1,"featured_media":0,"parent":0,"menu_order":0,"comment_status":"closed","ping_status":"closed","template":"","meta":[],"_links":{"self":[{"href":"https:\/\/radiologie-cambrai.fr\/index.php?rest_route=\/wp\/v2\/pages\/64"}],"collection":[{"href":"https:\/\/radiologie-cambrai.fr\/index.php?rest_route=\/wp\/v2\/pages"}],"about":[{"href":"https:\/\/radiologie-cambrai.fr\/index.php?rest_route=\/wp\/v2\/types\/page"}],"author":[{"embeddable":true,"href":"https:\/\/radiologie-cambrai.fr\/index.php?rest_route=\/wp\/v2\/users\/1"}],"replies":[{"embeddable":true,"href":"https:\/\/radiologie-cambrai.fr\/index.php?rest_route=%2Fwp%2Fv2%2Fcomments&post=64"}],"version-history":[{"count":8,"href":"https:\/\/radiologie-cambrai.fr\/index.php?rest_route=\/wp\/v2\/pages\/64\/revisions"}],"predecessor-version":[{"id":316,"href":"https:\/\/radiologie-cambrai.fr\/index.php?rest_route=\/wp\/v2\/pages\/64\/revisions\/316"}],"wp:attachment":[{"href":"https:\/\/radiologie-cambrai.fr\/index.php?rest_route=%2Fwp%2Fv2%2Fmedia&parent=64"}],"curies":[{"name":"wp","href":"https:\/\/api.w.org\/{rel}","templated":true}]}}