{"id":62,"date":"2018-05-15T19:02:20","date_gmt":"2018-05-15T17:02:20","guid":{"rendered":"http:\/\/radiologie-cambrai.fr\/?page_id=62"},"modified":"2018-05-15T22:25:34","modified_gmt":"2018-05-15T20:25:34","slug":"lavement","status":"publish","type":"page","link":"https:\/\/radiologie-cambrai.fr\/?page_id=62","title":{"rendered":"Lavement"},"content":{"rendered":"<h1 style=\"text-align: center;\">Lavement\u00a0au produit de contraste<\/h1>\n<h3 style=\"text-align: center;\"><strong>De quoi s\u2019agit-il ?<\/strong><\/h3>\n<p>Le lavement au produit de contraste permet de voir des l\u00e9sions du c\u00f4lon (gros intestin).<\/p>\n<p>&nbsp;<\/p>\n<p>Cet examen utilise des rayons X. Aucun risque n\u2019a pu \u00eatre d\u00e9montr\u00e9 dans ce domaine compte tenu des faibles doses utilis\u00e9es et des pr\u00e9cautions prises pour limiter au strict minimum la zone examin\u00e9e. Toutefois, pour les femmes enceintes, des pr\u00e9cautions doivent \u00eatre prises syst\u00e9matiquement : c\u2019est pourquoi il est important de signaler si vous pouvez \u00eatre dans ce cas.<\/p>\n<p>&nbsp;<\/p>\n<p><strong>Le d\u00e9roulement de l\u2019examen<\/strong><\/p>\n<p>&nbsp;<\/p>\n<p>L\u2019examen se fait essentiellement en position couch\u00e9e. Il consiste \u00e0 prendre plusieurs radiographies apr\u00e8s avoir rempli l\u2019intestin avec un liquide opaque aux rayons X. Celui-ci est introduit \u00e0 l\u2019aide d\u2019une canule, par l\u2019anus. Pendant l&#8217;examen on pourra \u00e9galement insuffler de l&#8217;air pour d\u00e9plisser les parois du c\u00f4lon.<\/p>\n<p>&nbsp;<\/p>\n<p>La dur\u00e9e de l&#8217;examen est en moyenne de 20 \u00e0 30 minutes.<\/p>\n<p>&nbsp;<\/p>\n<p><strong>Quelles complications peuvent survenir pendant l&#8217;examen ?<\/strong><\/p>\n<p>&nbsp;<\/p>\n<p>Tout acte m\u00e9dical sur le corps humain, m\u00eame conduit dans des conditions de comp\u00e9tence et de s\u00e9curit\u00e9 maximales comporte un risque de complication.<\/p>\n<p>&nbsp;<\/p>\n<p>Les complications du lavement au produit de contraste sont tr\u00e8s rares : blessure de la paroi intestinale ou d\u2019un organe voisin. Ces complications sont graves et n\u00e9cessitent souvent une op\u00e9ration chirurgicale urgente. Si vous constatez des douleurs au cours de l&#8217;examen, il faudra le dire imm\u00e9diatement au radiologue.<\/p>\n<p>&nbsp;<\/p>\n<p>Des r\u00e9actions de type allergique sont \u00e9galement possibles, mais elles restent exceptionnelles et sont le plus souvent sans cons\u00e9quences.<\/p>\n<p>&nbsp;<\/p>\n<p>De petites douleurs, supportables, sont habituelles.<\/p>\n<p>&nbsp;<\/p>\n<p><strong>Pour l\u2019examen :<\/strong><\/p>\n<p>&nbsp;<\/p>\n<p>En dehors de l\u2019urgence, le c\u00f4lon doit \u00eatre parfaitement propre pour permettre un examen pr\u00e9cis.<\/p>\n<p>&nbsp;<\/p>\n<p>Pour cela, vous devez prendre une purge avant l&#8217;examen. Veuillez suivre \u00e0 la lettre les instructions qui vous seront donn\u00e9es pour cette pr\u00e9paration. Malgr\u00e9 des consignes bien suivies, la pr\u00e9paration peut parfois s&#8217;av\u00e9rer insuffisante et faire renoncer \u00e0 la poursuite de l&#8217;examen.<\/p>\n<p>&nbsp;<\/p>\n<p><strong>Pendant et apr\u00e8s l\u2019examen :<\/strong><\/p>\n<p>&nbsp;<\/p>\n<p>Signalez imm\u00e9diatement toute douleur importante.<\/p>\n<p>&nbsp;<\/p>\n<p><strong>R\u00e9sultats<\/strong><\/p>\n<p>&nbsp;<\/p>\n<p>Un premier commentaire pourra vous \u00eatre donn\u00e9 juste apr\u00e8s l\u2019examen. Il ne s\u2019agira l\u00e0 que d\u2019une premi\u00e8re approche, car les images doivent \u00eatre ensuite analys\u00e9es par le m\u00e9decin radiologue. Le compte-rendu \u00e9crit sera disponible dans les meilleurs d\u00e9lais.<\/p>\n<p>&nbsp;<\/p>\n","protected":false},"excerpt":{"rendered":"<p>Lavement\u00a0au produit de contraste De quoi s\u2019agit-il ? Le lavement au produit de contraste permet de voir des l\u00e9sions du c\u00f4lon (gros intestin). &nbsp; Cet examen utilise des rayons X. Aucun risque n\u2019a pu \u00eatre d\u00e9montr\u00e9 dans ce domaine compte tenu des faibles doses utilis\u00e9es et des pr\u00e9cautions prises pour limiter au strict minimum la [&hellip;]<\/p>\n","protected":false},"author":1,"featured_media":0,"parent":0,"menu_order":0,"comment_status":"closed","ping_status":"closed","template":"","meta":[],"_links":{"self":[{"href":"https:\/\/radiologie-cambrai.fr\/index.php?rest_route=\/wp\/v2\/pages\/62"}],"collection":[{"href":"https:\/\/radiologie-cambrai.fr\/index.php?rest_route=\/wp\/v2\/pages"}],"about":[{"href":"https:\/\/radiologie-cambrai.fr\/index.php?rest_route=\/wp\/v2\/types\/page"}],"author":[{"embeddable":true,"href":"https:\/\/radiologie-cambrai.fr\/index.php?rest_route=\/wp\/v2\/users\/1"}],"replies":[{"embeddable":true,"href":"https:\/\/radiologie-cambrai.fr\/index.php?rest_route=%2Fwp%2Fv2%2Fcomments&post=62"}],"version-history":[{"count":4,"href":"https:\/\/radiologie-cambrai.fr\/index.php?rest_route=\/wp\/v2\/pages\/62\/revisions"}],"predecessor-version":[{"id":128,"href":"https:\/\/radiologie-cambrai.fr\/index.php?rest_route=\/wp\/v2\/pages\/62\/revisions\/128"}],"wp:attachment":[{"href":"https:\/\/radiologie-cambrai.fr\/index.php?rest_route=%2Fwp%2Fv2%2Fmedia&parent=62"}],"curies":[{"name":"wp","href":"https:\/\/api.w.org\/{rel}","templated":true}]}}