{"id":60,"date":"2018-05-15T19:02:09","date_gmt":"2018-05-15T17:02:09","guid":{"rendered":"http:\/\/radiologie-cambrai.fr\/?page_id=60"},"modified":"2018-06-30T10:06:16","modified_gmt":"2018-06-30T08:06:16","slug":"cystographie","status":"publish","type":"page","link":"https:\/\/radiologie-cambrai.fr\/?page_id=60","title":{"rendered":"Cystographie"},"content":{"rendered":"<h1 style=\"text-align: center;\">Cystographie<\/h1>\n<h3 style=\"text-align: center;\"><strong>De quoi s\u2019agit-il\u00a0?<\/strong><\/h3>\n<p>La cystographie est une radiographie de la vessie et de l\u2019ur\u00e8tre.<\/p>\n<p>L\u2019examen utilise des rayons X et un produit \u00e0 base d\u2019iode inject\u00e9 directement dans la vessie \u00e0 l\u2019aide d\u2019une sonde.<\/p>\n<p><span style=\"font-size: 14.0pt; font-family: 'Arial',sans-serif;\">\u00a0<\/span><\/p>\n<p>En mati\u00e8re d\u2019irradiation des patients, aucun risque n\u2019a pu \u00eatre d\u00e9montr\u00e9 compte tenu des faibles doses utilis\u00e9es et des pr\u00e9cautions prises pour limiter au strict minimum la zone examin\u00e9e. Toutefois, des pr\u00e9cautions concernant les femmes enceintes doivent \u00eatre prises syst\u00e9matiquement. C\u2019est pourquoi il est important de signaler si vous pouvez \u00eatre dans ce cas.<\/p>\n<p>&nbsp;<\/p>\n<p class=\"InterI\" style=\"text-align: left;\"><strong>Le d\u00e9roulement de l\u2019examen<\/strong><\/p>\n<p>&nbsp;<\/p>\n<p class=\"texte\" style=\"line-height: normal;\">Le produit sera le plus souvent introduit dans la vessie \u00e0 l\u2019aide d\u2019une sonde par l\u2019ur\u00e8tre (cystographie r\u00e9trograde chez la femme ou l\u2019homme). Ce moment peut provoquer une sensation d\u2019irritation.<\/p>\n<p>&nbsp;<\/p>\n<p>&nbsp;<\/p>\n<p class=\"texte\" style=\"line-height: normal;\">Les radios sont d\u2019abord r\u00e9alis\u00e9es pendant le remplissage de la vessie. Dans un second temps, pour \u00e9tudier l\u2019ur\u00e8tre, des clich\u00e9s seront pris au moment o\u00f9 on vous demandera d\u2019uriner dans un r\u00e9cipient tout en restant sur la table de radio.<\/p>\n<p class=\"texte\" style=\"line-height: normal;\">La dur\u00e9e de l\u2019examen est de 20 \u00e0 30 minutes.<\/p>\n<p>&nbsp;<\/p>\n<p class=\"InterII\"><strong>Quelles complications peuvent survenir pendant l&#8217;examen ?<\/strong><\/p>\n<p>&nbsp;<\/p>\n<p class=\"texte\" style=\"line-height: normal;\">Toute exploration m\u00e9dicale sur le corps humain, m\u00eame conduite dans des conditions de comp\u00e9tence et de s\u00e9curit\u00e9 maximales comporte un risque de complication.<\/p>\n<p>&nbsp;<\/p>\n<p class=\"InterII\"><strong>Y a-t-il un risque lors de l\u2019introduction de la sonde ?<\/strong><\/p>\n<p>&nbsp;<\/p>\n<p class=\"texte\" style=\"line-height: normal;\">Le risque d\u2019infection des urines est tr\u00e8s faible et pourra n\u00e9cessiter un traitement antibiotique. Il est tr\u00e8s rare de blesser l\u2019ur\u00e8tre au cours de ce geste\u00a0: ceci pourrait provoquer un petit saignement. Exceptionnellement, et un certain temps apr\u00e8s l&#8217;examen, le sondage peut provoquer chez l&#8217;homme un r\u00e9tr\u00e9cissement de l&#8217;ur\u00e8tre.<\/p>\n<p>&nbsp;<\/p>\n<p class=\"texte\" style=\"line-height: normal;\">Si l\u2019examen est fait par ponction de la vessie (cystographie sus-pubienne) il peut se produire un petit h\u00e9matome superficiel qui se r\u00e9sorbera spontan\u00e9ment en quelques jours.<\/p>\n<p>&nbsp;<\/p>\n<p class=\"texte\" style=\"line-height: normal;\">La coloration des urines due \u00e0 un petit saignement de la paroi v\u00e9sicale est banale et sans aucune gravit\u00e9\u00a0: une r\u00e9elle h\u00e9morragie dans la vessie comme un saignement autour de la vessie sont tout \u00e0 fait exceptionnels, mais ils peuvent conduire \u00e0 une intervention.<\/p>\n<p>&nbsp;<\/p>\n<p class=\"InterII\"><strong>Y a-t-il un risque au moment de l\u2019injection ?<\/strong><\/p>\n<p>&nbsp;<\/p>\n<p class=\"texte\" style=\"line-height: normal;\">La fuite de produit autour de l\u2019ur\u00e8tre ou de la vessie au moment de l\u2019injection est rare et sans gravit\u00e9. Exceptionnellement, si elle \u00e9tait importante, elle pourrait n\u00e9cessiter la prescription d\u2019un traitement antibiotique.<\/p>\n<p class=\"texte\" style=\"line-height: normal;\">Les r\u00e9actions allergiques apr\u00e8s l\u2019injection de produit iod\u00e9 sont possibles, mais elles restent tr\u00e8s exceptionnelles et sont le plus souvent sans cons\u00e9quence.<\/p>\n<p>&nbsp;<\/p>\n<p class=\"InterII\"><strong><span style=\"font-size: 14.0pt; font-family: 'Arial',sans-serif;\">R\u00e9sultats<\/span><\/strong><\/p>\n<p>&nbsp;<\/p>\n<p class=\"texte\" style=\"line-height: normal;\">Un premier commentaire pourra vous \u00eatre donn\u00e9 juste apr\u00e8s l\u2019examen. Il ne s\u2019agira l\u00e0 que d\u2019une premi\u00e8re approche, car les images doivent \u00eatre ensuite analys\u00e9es par le m\u00e9decin radiologue. Le compte-rendu \u00e9crit sera disponible dans les meilleurs d\u00e9lais.<\/p>\n<p>&nbsp;<\/p>\n<p class=\"InterII\"><strong>Apr\u00e8s l\u2019examen :<\/strong><\/p>\n<p>&nbsp;<\/p>\n<p class=\"texte\" style=\"line-height: normal;\">Une petite g\u00eane pour uriner, le soir de l\u2019examen, ou la perte d\u2019une goutte de sang ne doivent pas vous inqui\u00e9ter.<\/p>\n<p class=\"texte\" style=\"line-height: normal;\">En revanche, si vous avez des br\u00fblures importantes en urinant, des urines teint\u00e9es de sang, de la fi\u00e8vre, ou des difficult\u00e9s persistantes pour uriner, contactez votre m\u00e9decin traitant ou le cabinet de radiologie au num\u00e9ro de t\u00e9l\u00e9phone suivant\u00a0: 03 27\u00a0829\u00a0829.<\/p>\n<h1 style=\"text-align: center;\"><\/h1>\n","protected":false},"excerpt":{"rendered":"<p>Cystographie De quoi s\u2019agit-il\u00a0? La cystographie est une radiographie de la vessie et de l\u2019ur\u00e8tre. L\u2019examen utilise des rayons X et un produit \u00e0 base d\u2019iode inject\u00e9 directement dans la vessie \u00e0 l\u2019aide d\u2019une sonde. \u00a0 En mati\u00e8re d\u2019irradiation des patients, aucun risque n\u2019a pu \u00eatre d\u00e9montr\u00e9 compte tenu des faibles doses utilis\u00e9es et des [&hellip;]<\/p>\n","protected":false},"author":1,"featured_media":0,"parent":0,"menu_order":0,"comment_status":"closed","ping_status":"closed","template":"","meta":[],"_links":{"self":[{"href":"https:\/\/radiologie-cambrai.fr\/index.php?rest_route=\/wp\/v2\/pages\/60"}],"collection":[{"href":"https:\/\/radiologie-cambrai.fr\/index.php?rest_route=\/wp\/v2\/pages"}],"about":[{"href":"https:\/\/radiologie-cambrai.fr\/index.php?rest_route=\/wp\/v2\/types\/page"}],"author":[{"embeddable":true,"href":"https:\/\/radiologie-cambrai.fr\/index.php?rest_route=\/wp\/v2\/users\/1"}],"replies":[{"embeddable":true,"href":"https:\/\/radiologie-cambrai.fr\/index.php?rest_route=%2Fwp%2Fv2%2Fcomments&post=60"}],"version-history":[{"count":15,"href":"https:\/\/radiologie-cambrai.fr\/index.php?rest_route=\/wp\/v2\/pages\/60\/revisions"}],"predecessor-version":[{"id":337,"href":"https:\/\/radiologie-cambrai.fr\/index.php?rest_route=\/wp\/v2\/pages\/60\/revisions\/337"}],"wp:attachment":[{"href":"https:\/\/radiologie-cambrai.fr\/index.php?rest_route=%2Fwp%2Fv2%2Fmedia&parent=60"}],"curies":[{"name":"wp","href":"https:\/\/api.w.org\/{rel}","templated":true}]}}