{"id":58,"date":"2018-05-15T19:01:52","date_gmt":"2018-05-15T17:01:52","guid":{"rendered":"http:\/\/radiologie-cambrai.fr\/?page_id=58"},"modified":"2018-06-14T08:03:58","modified_gmt":"2018-06-14T06:03:58","slug":"urographie-intra-veineuse","status":"publish","type":"page","link":"https:\/\/radiologie-cambrai.fr\/?page_id=58","title":{"rendered":"Urographie intra-veineuse"},"content":{"rendered":"<h1 style=\"text-align: center;\">Urographie intra-veineuse<\/h1>\n<p>&nbsp;<\/p>\n<h3 style=\"text-align: center;\"><strong>De quoi s\u2019agit-il ?<\/strong><\/h3>\n<p>&nbsp;<\/p>\n<p>Cet examen permet d\u2019explorer les voies urinaires, depuis les reins jusqu\u2019\u00e0 la vessie et l\u2019ur\u00e8tre.<\/p>\n<p>&nbsp;<\/p>\n<p>L\u2019examen utilise des rayons X et un produit \u00e0 base d\u2019iode, opaque aux rayons X qui est \u00e9limin\u00e9 par les reins dans les urines.<\/p>\n<p>&nbsp;<\/p>\n<p>&nbsp;<\/p>\n<p>En mati\u00e8re d\u2019irradiation des patients, aucun risque n\u2019a pu \u00eatre d\u00e9montr\u00e9 compte tenu des faibles doses utilis\u00e9es et des pr\u00e9cautions prises pour limiter au strict minimum la zone examin\u00e9e. Toutefois, des pr\u00e9cautions concernant les femmes enceintes doivent \u00eatre prises syst\u00e9matiquement. C\u2019est pourquoi il est important de signaler si vous pouvez \u00eatre dans ce cas.<\/p>\n<p>&nbsp;<\/p>\n<p><strong>Le d\u00e9roulement de l\u2019examen<\/strong><\/p>\n<p>&nbsp;<\/p>\n<p>L\u2019examen se fait en position allong\u00e9e. On met en place\u00a0 un petit cath\u00e9ter (tube souple) dans une veine, souvent au pli du coude, pour injecter le produit iod\u00e9. Puis on prend plusieurs clich\u00e9s radiographiques. La dur\u00e9e de cette premi\u00e8re partie d\u2019examen est d\u2019environ 30 minutes.<\/p>\n<p>&nbsp;<\/p>\n<p>L\u2019examen comporte souvent une deuxi\u00e8me partie, 1 \u00e0 2 heures apr\u00e8s les premiers clich\u00e9s, le temps que la vessie se remplisse et qu\u2019il vous soit possible d\u2019uriner pendant la prise de clich\u00e9s pour \u00e9tudier l\u2019ur\u00e8thre. Vous pourrez dans l\u2019intervalle vous restaurer et boire.<\/p>\n<p>&nbsp;<\/p>\n<p><strong>Quel produit utilise-t-on et que ressentirez-vous ?<\/strong><\/p>\n<p>&nbsp;<\/p>\n<p>Un produit \u00e0 base d\u2019iode, opaque aux rayons X, sera utilis\u00e9. Il sera choisi par le m\u00e9decin radiologue en fonction des informations que vous aurez donn\u00e9es sur votre \u00e9tat de sant\u00e9 avant l\u2019examen.<\/p>\n<p>&nbsp;<\/p>\n<p>Veuillez signaler toute prise d\u2019anti-diab\u00e9tique oral ou toute allergie potentielle.<\/p>\n<p>&nbsp;<\/p>\n<p>&nbsp;<\/p>\n<p>Vous ne ressentirez aucune douleur dans l\u2019immense majorit\u00e9 des cas. Cependant, il n\u2019est pas rare de ressentir une sensation de chaleur au moment de l\u2019injection, ou encore un go\u00fbt bizarre dans la bouche.<\/p>\n<p>&nbsp;<\/p>\n<p><strong>Y a-t-il des risques li\u00e9s \u00e0 l\u2019injection ?<\/strong><\/p>\n<p>&nbsp;<\/p>\n<p>Toute intervention sur le corps humain, m\u00eame conduite dans des conditions de comp\u00e9tence et de s\u00e9curit\u00e9 maximales, comporte un risque de complication.<\/p>\n<p>&nbsp;<\/p>\n<p>L\u2019injection est un acte tr\u00e8s courant, habituellement tr\u00e8s bien tol\u00e9r\u00e9. Cependant, comme avec d\u2019autres m\u00e9dicaments, des r\u00e9actions peuvent survenir :<\/p>\n<p>&nbsp;<\/p>\n<p>La piq\u00fbre peut provoquer la formation d\u2019un petit h\u00e9matome sans gravit\u00e9, qui se r\u00e9sorbera spontan\u00e9ment en quelques jours.<\/p>\n<p>&nbsp;<\/p>\n<p>Lors de l\u2019injection, sous l\u2019effet de la pression, il peut se produire une fuite du produit sous la peau, au niveau de la veine. Cette complication est rare (un cas sur plusieurs centaines d\u2019injections, g\u00e9n\u00e9ralement sans suites graves), et pourrait n\u00e9cessiter exceptionnellement un traitement local.<\/p>\n<p>&nbsp;<\/p>\n<p><strong>R\u00e9sultats<\/strong><\/p>\n<p>&nbsp;<\/p>\n<p>Un premier commentaire pourra vous \u00eatre donn\u00e9 juste apr\u00e8s l\u2019examen. Il ne s\u2019agira l\u00e0 que d\u2019une premi\u00e8re approche, car les images doivent \u00eatre ensuite analys\u00e9es plus en d\u00e9tail par le m\u00e9decin radiologue. Le compte-rendu \u00e9crit sera disponible dans les meilleurs d\u00e9lais.<\/p>\n<p>&nbsp;<\/p>\n<p>Apportez le jour de l\u2019examen :<\/p>\n<ul>\n<li>la demande de votre m\u00e9decin (ordonnance, lettre\u2026.),<\/li>\n<li>les r\u00e9sultats de l\u2019analyse d\u2019urines qui aurait pu vous \u00eatre demand\u00e9e,<\/li>\n<li>le dossier radiologique en votre possession (radiographies, \u00e9chographies, scanners, IRM &#8230;),<\/li>\n<li>la liste <u>\u00e9crite<\/u> des m\u00e9dicaments que vous prenez.<\/li>\n<\/ul>\n<p>&nbsp;<\/p>\n<p>Il vous est demand\u00e9 de venir \u00e0 jeun.<\/p>\n<p>&nbsp;<\/p>\n<p><strong>Pendant l\u2019examen<\/strong><\/p>\n<p>&nbsp;<\/p>\n<p>Suivez attentivement les indications qui vous seront donn\u00e9es.<\/p>\n<p>&nbsp;<\/p>\n<p>Votre coop\u00e9ration est essentielle pour que les images ne soient pas floues.<\/p>\n<p>&nbsp;<\/p>\n<p>Si vous ressentiez une douleur lors de l\u2019injection, il faut la signaler imm\u00e9diatement.<\/p>\n<p>&nbsp;<\/p>\n<p><strong>Apr\u00e8s l\u2019examen<\/strong><\/p>\n<p>&nbsp;<\/p>\n<p>Dans l\u2019immense majorit\u00e9 des cas, vous ne ressentirez rien de particulier. N\u2019h\u00e9sitez pas cependant \u00e0 signaler \u00e0 l\u2019\u00e9quipe tout \u00e9v\u00e9nement qui vous para\u00eetrait anormal.<\/p>\n<p>&nbsp;<\/p>\n<p>Pour acc\u00e9l\u00e9rer l\u2019\u00e9limination du produit, buvez de l\u2019eau abondamment (sauf r\u00e9gime particulier, dans les cas d\u2019insuffisance cardiaque ou r\u00e9nale).<\/p>\n<p>&nbsp;<\/p>\n<p>&nbsp;<\/p>\n<p>Cet examen est d\u00e9sormais remplac\u00e9 par l\u2019<strong>uroscanner<\/strong>.<\/p>\n<p>&nbsp;<\/p>\n<p>Il persiste toutefois des indications d\u2019urographie post scanner permettant de r\u00e9aliser des clich\u00e9s en particulier en position debout alors que le scanner lui ne peut \u00eatre r\u00e9alis\u00e9 qu\u2019en position allong\u00e9e.<\/p>\n<p>&nbsp;<\/p>\n<p>Cette mise en orthostatisme permet de visualiser une \u00e9ventuelle descente de vessie ainsi que d\u2019appr\u00e9cier le r\u00e9sidu post mictionnel.<\/p>\n<p>&nbsp;<\/p>\n<p>On se sert donc de l\u2019iode inject\u00e9e lors de la r\u00e9alisation du scanner pour v\u00e9rifier le fonctionnement des voies excr\u00e9trices urinaires.<\/p>\n","protected":false},"excerpt":{"rendered":"<p>Urographie intra-veineuse &nbsp; De quoi s\u2019agit-il ? &nbsp; Cet examen permet d\u2019explorer les voies urinaires, depuis les reins jusqu\u2019\u00e0 la vessie et l\u2019ur\u00e8tre. &nbsp; L\u2019examen utilise des rayons X et un produit \u00e0 base d\u2019iode, opaque aux rayons X qui est \u00e9limin\u00e9 par les reins dans les urines. &nbsp; &nbsp; En mati\u00e8re d\u2019irradiation des patients, [&hellip;]<\/p>\n","protected":false},"author":1,"featured_media":0,"parent":0,"menu_order":0,"comment_status":"closed","ping_status":"closed","template":"","meta":[],"_links":{"self":[{"href":"https:\/\/radiologie-cambrai.fr\/index.php?rest_route=\/wp\/v2\/pages\/58"}],"collection":[{"href":"https:\/\/radiologie-cambrai.fr\/index.php?rest_route=\/wp\/v2\/pages"}],"about":[{"href":"https:\/\/radiologie-cambrai.fr\/index.php?rest_route=\/wp\/v2\/types\/page"}],"author":[{"embeddable":true,"href":"https:\/\/radiologie-cambrai.fr\/index.php?rest_route=\/wp\/v2\/users\/1"}],"replies":[{"embeddable":true,"href":"https:\/\/radiologie-cambrai.fr\/index.php?rest_route=%2Fwp%2Fv2%2Fcomments&post=58"}],"version-history":[{"count":5,"href":"https:\/\/radiologie-cambrai.fr\/index.php?rest_route=\/wp\/v2\/pages\/58\/revisions"}],"predecessor-version":[{"id":323,"href":"https:\/\/radiologie-cambrai.fr\/index.php?rest_route=\/wp\/v2\/pages\/58\/revisions\/323"}],"wp:attachment":[{"href":"https:\/\/radiologie-cambrai.fr\/index.php?rest_route=%2Fwp%2Fv2%2Fmedia&parent=58"}],"curies":[{"name":"wp","href":"https:\/\/api.w.org\/{rel}","templated":true}]}}