{"id":54,"date":"2018-05-15T19:01:10","date_gmt":"2018-05-15T17:01:10","guid":{"rendered":"http:\/\/radiologie-cambrai.fr\/?page_id=54"},"modified":"2018-05-15T20:51:28","modified_gmt":"2018-05-15T18:51:28","slug":"biopsie-cytoponction","status":"publish","type":"page","link":"https:\/\/radiologie-cambrai.fr\/?page_id=54","title":{"rendered":"Biopsie-Cytoponction"},"content":{"rendered":"<h1 style=\"text-align: center;\">Biopsie-Cytoponction<\/h1>\n<h3 style=\"text-align: center;\">De quoi s\u2019agit-il ?<\/h3>\n<p><strong>Biopsies<\/strong><\/p>\n<p>Une biopsie est un pr\u00e9l\u00e8vement d\u2019un fragment de tissus d\u2019un organe pour analyse anatomopathologique.<\/p>\n<p>Ce pr\u00e9l\u00e8vement se fait gr\u00e2ce \u00e0 une aiguille sp\u00e9ciale et n\u00e9cessite un guidage soit par \u00e9chographie soit par rayon X (radiographie ou scanner).<\/p>\n<p>&nbsp;<\/p>\n<p><strong>Plusieurs types de biopsies peuvent \u00eatre r\u00e9alis\u00e9s au sein de notre \u00e9tablissement\u00a0:<\/strong><\/p>\n<p>\u2981 Micro biopsie mammaire<\/p>\n<p>\u2981 Biopsie h\u00e9patique sous scanner<\/p>\n<p>\u2981 Biopsie pulmonaire trans-thoracique sous scanner<\/p>\n<p>&nbsp;<\/p>\n<p><strong>Les micro biopsies mammaires<\/strong>\u00a0font suite \u00e0 la d\u00e9couverte par le radiologue d\u2019une anomalie en mammographie, \u00e9chographie mammaire ou IRM mammaire.<\/p>\n<p>&nbsp;<\/p>\n<p><strong>Pou<\/strong><strong>r toute demande d\u2019autre type de biopsie, \u00e0 l\u2019exception de la biopsie mammaire,<\/strong> le radiologue \u00e9tudiera votre dossier et vous recevra en consultation pour v\u00e9rifier la faisabilit\u00e9 du geste, vous informer du d\u00e9roulement de la biopsie et des complications \u00e9ventuelles et v\u00e9rifier l\u2019absence de contre- indication.<\/p>\n<p>Certaines biopsies comme les biopsies thoraciques et h\u00e9patiques n\u00e9cessitent une hospitalisation courte.<\/p>\n<p>&nbsp;<\/p>\n<p><strong>Cytoponction\u00a0:<\/strong><\/p>\n<p>Une cytoponction est une ponction \u00e0 l\u2019aide d\u2019une aiguille tr\u00e8s fine d\u2019un ganglion ou d\u2019un nodule, afin de ramener quelques cellules microscopiques. Ces cellules sont \u00e9tal\u00e9es sur lames qui seront \u00a0\u00e0 d\u00e9poser \u00a0au laboratoire d\u2019anatomopathologie pour \u00e9tude au microscope.<\/p>\n<p>Cette technique est tr\u00e8s utile pour \u00e9tudier certains ganglions notamment du creux axillaire, certains nodules mammaires ou des nodules thyro\u00efdiens.<\/p>\n<p>Ce geste n\u2019est pas douloureux, l\u2019aiguille utilis\u00e9e \u00e9tant une aiguille tr\u00e8s fine.<\/p>\n<p>&nbsp;<\/p>\n<p><strong>R\u00e9sultats<\/strong><\/p>\n<p>Les pr\u00e9l\u00e8vements doivent \u00eatre ensuite analys\u00e9s par l\u2019anatomo-pathologiste.<\/p>\n<h1 style=\"text-align: center;\"><\/h1>\n","protected":false},"excerpt":{"rendered":"<p>Biopsie-Cytoponction De quoi s\u2019agit-il ? Biopsies Une biopsie est un pr\u00e9l\u00e8vement d\u2019un fragment de tissus d\u2019un organe pour analyse anatomopathologique. Ce pr\u00e9l\u00e8vement se fait gr\u00e2ce \u00e0 une aiguille sp\u00e9ciale et n\u00e9cessite un guidage soit par \u00e9chographie soit par rayon X (radiographie ou scanner). &nbsp; Plusieurs types de biopsies peuvent \u00eatre r\u00e9alis\u00e9s au sein de notre [&hellip;]<\/p>\n","protected":false},"author":1,"featured_media":0,"parent":0,"menu_order":0,"comment_status":"closed","ping_status":"closed","template":"","meta":[],"_links":{"self":[{"href":"https:\/\/radiologie-cambrai.fr\/index.php?rest_route=\/wp\/v2\/pages\/54"}],"collection":[{"href":"https:\/\/radiologie-cambrai.fr\/index.php?rest_route=\/wp\/v2\/pages"}],"about":[{"href":"https:\/\/radiologie-cambrai.fr\/index.php?rest_route=\/wp\/v2\/types\/page"}],"author":[{"embeddable":true,"href":"https:\/\/radiologie-cambrai.fr\/index.php?rest_route=\/wp\/v2\/users\/1"}],"replies":[{"embeddable":true,"href":"https:\/\/radiologie-cambrai.fr\/index.php?rest_route=%2Fwp%2Fv2%2Fcomments&post=54"}],"version-history":[{"count":4,"href":"https:\/\/radiologie-cambrai.fr\/index.php?rest_route=\/wp\/v2\/pages\/54\/revisions"}],"predecessor-version":[{"id":102,"href":"https:\/\/radiologie-cambrai.fr\/index.php?rest_route=\/wp\/v2\/pages\/54\/revisions\/102"}],"wp:attachment":[{"href":"https:\/\/radiologie-cambrai.fr\/index.php?rest_route=%2Fwp%2Fv2%2Fmedia&parent=54"}],"curies":[{"name":"wp","href":"https:\/\/api.w.org\/{rel}","templated":true}]}}