{"id":52,"date":"2018-05-15T19:00:41","date_gmt":"2018-05-15T17:00:41","guid":{"rendered":"http:\/\/radiologie-cambrai.fr\/?page_id=52"},"modified":"2018-06-26T07:57:05","modified_gmt":"2018-06-26T05:57:05","slug":"arthrographie","status":"publish","type":"page","link":"https:\/\/radiologie-cambrai.fr\/?page_id=52","title":{"rendered":"Arthrographie"},"content":{"rendered":"<h1 style=\"text-align: center;\">Arthrographie- Arthroscanner<\/h1>\n<h3 style=\"text-align: center;\"><strong>De quoi s&#8217;agit-il ?<\/strong><\/h3>\n<p>Cet examen \u00e9tudie les structures articulaires qui ne sont normalement pas visibles sur les clich\u00e9s de radiographie standard.<\/p>\n<p>Il recherche des anomalies pouvant toucher les m\u00e9nisques ou les cartilages articulaires.<\/p>\n<p>L\u2019arthrographie utilise les rayons X et un produit de contraste \u00e0 base d\u2019iode.\u200b<\/p>\n<p>Son principe consiste \u00e0 rendre visible (ou opaque) une articulation. Le produit de contraste est inject\u00e9 \u00e0 l\u2019aide d\u2019une fine aiguille directement dans l\u2019articulation apr\u00e8s une anesth\u00e9sie locale. Le produit tapisse les parois articulaires qui deviennent visibles sur les clich\u00e9s radiologiques gr\u00e2ce aux propri\u00e9t\u00e9s radio-opaques de l\u2019iode.<\/p>\n<p>&nbsp;<\/p>\n<p>C\u2019est un m\u00e9decin sp\u00e9cialiste en radiologie qui pratique cet examen.<\/p>\n<p>La peau en regard de l\u2019articulation est d\u00e9sinfect\u00e9e.<\/p>\n<p>Le radiologue place l\u2019aiguille dans l\u2019articulation, \u00a0sous anesth\u00e9sie locale puis injecte le produit de contraste. L\u2019aiguille est ensuite retir\u00e9e et les clich\u00e9s sont r\u00e9alis\u00e9s dans diff\u00e9rentes positions.<br \/>\nL\u2019examen dure environ 15 minutes.<\/p>\n<p>&nbsp;<\/p>\n<p><strong><u>Une fois l\u2019injection r\u00e9alis\u00e9e et les radiographies effectu\u00e9es, vous serez dirig\u00e9s vers le service scanner muni (e) de vos clich\u00e9s radiographiques afin de terminer l\u2019examen.<\/u><\/strong><\/p>\n<p>&nbsp;<\/p>\n<p>Il s\u2019agit d\u2019un scanner simple de l\u2019articulation qui a \u00e9t\u00e9 opacifi\u00e9e.<\/p>\n<p>&nbsp;<\/p>\n<p>En cas de probl\u00e8me lors de l\u2019examen, n\u2019h\u00e9sitez pas \u00e0 le signaler au personnel m\u00e9dical.<br \/>\nApr\u00e8s l&#8217;examen, \u00e9vitez de trop solliciter votre articulation et favorisez le repos.<\/p>\n<p>&nbsp;<\/p>\n<h4 style=\"text-align: left;\"><strong>Est-ce douloureux\u00a0?\u200b<\/strong><\/h4>\n<p><strong>L\u2019arthrographie n\u2019est pas un examen douloureux.<\/strong><\/p>\n<p>\u200b<strong>La piq\u00fbre<\/strong> : C\u2019est le moment le plus d\u00e9sagr\u00e9able de l\u2019examen, mais ce n\u2019est pas tr\u00e8s douloureux.<\/p>\n<p><strong>L\u2019injection de produit de contraste<\/strong> : Il peut se produire des douleurs de type tension dans l\u2019articulation, qui peuvent persister plusieurs jours.\u00a0 Le repos est\u00a0 un moyen efficace de les pr\u00e9venir.<\/p>\n<p>&nbsp;<\/p>\n<p><u><\/u><strong>Les\u00a0r\u00e9sultats<\/strong><strong>\u00a0:<\/strong><\/p>\n<p>&nbsp;<\/p>\n<p>Le m\u00e9decin radiologue du scanner fera l\u2019interpr\u00e9tation des images puis vous expliquera le r\u00e9sultat. Le secr\u00e9tariat vous donnera le compte rendu et les images.<\/p>\n","protected":false},"excerpt":{"rendered":"<p>Arthrographie- Arthroscanner De quoi s&#8217;agit-il ? Cet examen \u00e9tudie les structures articulaires qui ne sont normalement pas visibles sur les clich\u00e9s de radiographie standard. Il recherche des anomalies pouvant toucher les m\u00e9nisques ou les cartilages articulaires. L\u2019arthrographie utilise les rayons X et un produit de contraste \u00e0 base d\u2019iode.\u200b Son principe consiste \u00e0 rendre visible [&hellip;]<\/p>\n","protected":false},"author":1,"featured_media":0,"parent":0,"menu_order":0,"comment_status":"closed","ping_status":"closed","template":"","meta":[],"_links":{"self":[{"href":"https:\/\/radiologie-cambrai.fr\/index.php?rest_route=\/wp\/v2\/pages\/52"}],"collection":[{"href":"https:\/\/radiologie-cambrai.fr\/index.php?rest_route=\/wp\/v2\/pages"}],"about":[{"href":"https:\/\/radiologie-cambrai.fr\/index.php?rest_route=\/wp\/v2\/types\/page"}],"author":[{"embeddable":true,"href":"https:\/\/radiologie-cambrai.fr\/index.php?rest_route=\/wp\/v2\/users\/1"}],"replies":[{"embeddable":true,"href":"https:\/\/radiologie-cambrai.fr\/index.php?rest_route=%2Fwp%2Fv2%2Fcomments&post=52"}],"version-history":[{"count":7,"href":"https:\/\/radiologie-cambrai.fr\/index.php?rest_route=\/wp\/v2\/pages\/52\/revisions"}],"predecessor-version":[{"id":331,"href":"https:\/\/radiologie-cambrai.fr\/index.php?rest_route=\/wp\/v2\/pages\/52\/revisions\/331"}],"wp:attachment":[{"href":"https:\/\/radiologie-cambrai.fr\/index.php?rest_route=%2Fwp%2Fv2%2Fmedia&parent=52"}],"curies":[{"name":"wp","href":"https:\/\/api.w.org\/{rel}","templated":true}]}}