{"id":50,"date":"2018-05-15T19:00:22","date_gmt":"2018-05-15T17:00:22","guid":{"rendered":"http:\/\/radiologie-cambrai.fr\/?page_id=50"},"modified":"2018-05-15T22:45:46","modified_gmt":"2018-05-15T20:45:46","slug":"ponction-lavage-de-lepaule","status":"publish","type":"page","link":"https:\/\/radiologie-cambrai.fr\/?page_id=50","title":{"rendered":"Ponction lavage de l&#8217;\u00e9paule"},"content":{"rendered":"<h1 style=\"text-align: center;\">Ponction lavage de l&#8217;\u00e9paule<\/h1>\n<p>Les calcifications tendineuses surviennent essentiellement \u00e0 l\u2019\u00e9paule et sont dues \u00e0 des d\u00e9p\u00f4ts d\u2019hydroxyapatite au niveau des tendons de la coiffe des rotateurs.<\/p>\n<p>&nbsp;<\/p>\n<p>L\u2019origine des calcifications \u00e0 hydroxyapatite est inconnue et ne d\u00e9pend pas de l\u2019activit\u00e9 physique ou des habitudes alimentaires. Seul un facteur g\u00e9n\u00e9tique a \u00e9t\u00e9 retrouv\u00e9.<\/p>\n<p>&nbsp;<\/p>\n<p>La proc\u00e9dure se d\u00e9roule en salle d\u2019\u00e9chographie. Le patient est allong\u00e9 confortablement et le premier temps consiste en une d\u00e9sinfection cutan\u00e9e et une anesth\u00e9sie locale en utilisant de la lidoca\u00efne.<\/p>\n<p>&nbsp;<\/p>\n<p>L\u2019anesth\u00e9sie est ensuite r\u00e9alis\u00e9e au contact puis au sein de la calcification sous contr\u00f4le \u00e9chographique.<\/p>\n<p>&nbsp;<\/p>\n<p>Ensuite, un lavage de la calcification est effectu\u00e9 et permet une aspiration indirecte du mat\u00e9riel calcique. Progressivement, au sein de la seringue, le s\u00e9rum physiologique est remplac\u00e9 par de la boue calcique qui est d\u2019aspect laiteux. Seul l\u2019int\u00e9rieur de la calcification est trait\u00e9 ce qui permet d\u2019affaisser la calcification et de r\u00e9duire son volume.<\/p>\n<p>&nbsp;<\/p>\n<p>En fin de proc\u00e9dure, une infiltration de cortico\u00efdes de la bourse sous-acromio-delto\u00efdienne est r\u00e9alis\u00e9e.<\/p>\n<p>&nbsp;<\/p>\n<p>Un repos relatif est souhaitable dans les suites du geste.<\/p>\n<p>&nbsp;<\/p>\n<p>Dans 10% des cas, quand la calcification est trop importante, une deuxi\u00e8me ponction peut \u00eatre propos\u00e9e en accord avec le m\u00e9decin ayant r\u00e9alis\u00e9 le geste.<\/p>\n","protected":false},"excerpt":{"rendered":"<p>Ponction lavage de l&#8217;\u00e9paule Les calcifications tendineuses surviennent essentiellement \u00e0 l\u2019\u00e9paule et sont dues \u00e0 des d\u00e9p\u00f4ts d\u2019hydroxyapatite au niveau des tendons de la coiffe des rotateurs. &nbsp; L\u2019origine des calcifications \u00e0 hydroxyapatite est inconnue et ne d\u00e9pend pas de l\u2019activit\u00e9 physique ou des habitudes alimentaires. Seul un facteur g\u00e9n\u00e9tique a \u00e9t\u00e9 retrouv\u00e9. &nbsp; La [&hellip;]<\/p>\n","protected":false},"author":1,"featured_media":0,"parent":0,"menu_order":0,"comment_status":"closed","ping_status":"closed","template":"","meta":[],"_links":{"self":[{"href":"https:\/\/radiologie-cambrai.fr\/index.php?rest_route=\/wp\/v2\/pages\/50"}],"collection":[{"href":"https:\/\/radiologie-cambrai.fr\/index.php?rest_route=\/wp\/v2\/pages"}],"about":[{"href":"https:\/\/radiologie-cambrai.fr\/index.php?rest_route=\/wp\/v2\/types\/page"}],"author":[{"embeddable":true,"href":"https:\/\/radiologie-cambrai.fr\/index.php?rest_route=\/wp\/v2\/users\/1"}],"replies":[{"embeddable":true,"href":"https:\/\/radiologie-cambrai.fr\/index.php?rest_route=%2Fwp%2Fv2%2Fcomments&post=50"}],"version-history":[{"count":3,"href":"https:\/\/radiologie-cambrai.fr\/index.php?rest_route=\/wp\/v2\/pages\/50\/revisions"}],"predecessor-version":[{"id":135,"href":"https:\/\/radiologie-cambrai.fr\/index.php?rest_route=\/wp\/v2\/pages\/50\/revisions\/135"}],"wp:attachment":[{"href":"https:\/\/radiologie-cambrai.fr\/index.php?rest_route=%2Fwp%2Fv2%2Fmedia&parent=50"}],"curies":[{"name":"wp","href":"https:\/\/api.w.org\/{rel}","templated":true}]}}