{"id":46,"date":"2018-05-15T18:59:39","date_gmt":"2018-05-15T16:59:39","guid":{"rendered":"http:\/\/radiologie-cambrai.fr\/?page_id=46"},"modified":"2018-05-15T22:39:52","modified_gmt":"2018-05-15T20:39:52","slug":"osteodensitometrie","status":"publish","type":"page","link":"https:\/\/radiologie-cambrai.fr\/?page_id=46","title":{"rendered":"Ost\u00e9odensitom\u00e9trie"},"content":{"rendered":"<h1 style=\"text-align: center;\">Ost\u00e9odensitom\u00e9trie<\/h1>\n<h3 style=\"text-align: center;\"><strong>De quoi s\u2019agit-il\u00a0?<\/strong><\/h3>\n<p>&nbsp;<\/p>\n<p>C&#8217;est un examen qui permet de faire le diagnostic et de surveiller l&#8217;\u00e9volution de l&#8217;ost\u00e9oporose sous traitement \u00e9ventuel.<\/p>\n<p>&nbsp;<\/p>\n<p>L&#8217;ost\u00e9oporose est une maladie longtemps silencieuse qui peut aboutir \u00e0 des fractures de vert\u00e8bres, du col f\u00e9moral et du poignet. Elle touche essentiellement les femmes et devient plus fr\u00e9quente et s\u00e9v\u00e8re avec l&#8217;\u00e2ge.<\/p>\n<p>&nbsp;<\/p>\n<p>C&#8217;est un examen m\u00e9dical qui permet de mesurer la densit\u00e9 de l&#8217;os, c\u2019est-\u00e0-dire de son contenu min\u00e9ral en mesurant la densit\u00e9 min\u00e9rale osseuse surfacique ou DMO en Gramme\/cm\u00b2.<\/p>\n<p>&nbsp;<\/p>\n<p>Il se base sur l&#8217;absorptiom\u00e9trie biphotonique \u00e0 rayon X, c&#8217;est \u00e0 dire la mesure de l&#8217;att\u00e9nuation du rayonnement en fonction de la nature et de la densit\u00e9 des tissus travers\u00e9s gr\u00e2ce \u00e0 deux rayonnements \u00e9nerg\u00e9tiques diff\u00e9rents.<\/p>\n<p>&nbsp;<\/p>\n<p>Les mesures sont r\u00e9alis\u00e9es sur deux sites principaux : le col f\u00e9moral et le rachis, \u00e9ventuellement sur l\u2019avant-bras dans le cas de discordance.<\/p>\n<p>&nbsp;<\/p>\n<p>Cet examen est reproductible.<\/p>\n<p>Une ost\u00e9odensitom\u00e9trie ne demande pas de pr\u00e9paration particuli\u00e8re et n&#8217;a pas de contre indication sauf la femme enceinte.<\/p>\n<p>L&#8217;irradiation est tr\u00e8s faible.<\/p>\n<p>&nbsp;<\/p>\n<h3 style=\"text-align: center;\"><strong>D\u00e9roulement de l&#8217;examen<\/strong><\/h3>\n<p><strong>\u00a0<\/strong><\/p>\n<p>\u200bVous \u00eates pris en charge par un manipulateur ou une manipulatrice qui r\u00e9alise l&#8217;examen totalement indolore d&#8217;une dur\u00e9e d&#8217;environ 15 minutes. Aucune injection de produit de contraste n&#8217;est n\u00e9cessaire et le je\u00fbne est inutile.<\/p>\n<p>&nbsp;<\/p>\n<p>\u200b<strong>Les r\u00e9sultats\u00a0:<\/strong><\/p>\n<p>&nbsp;<\/p>\n<p>\u200bLe m\u00e9decin radiologue vous communique les r\u00e9sultats de votre examen et transmettra un compte rendu \u00e0 votre m\u00e9decin.<\/p>\n<p>&nbsp;<\/p>\n<p><strong>Votre r\u00e9sultat se situera dans l&#8217;une des cat\u00e9gories suivantes :<\/strong><\/p>\n<p>&nbsp;<\/p>\n<p>-normal<\/p>\n<p>-ost\u00e9op\u00e9nie pour une perte inf\u00e9rieure \u00e0 10% par rapport \u00e0 la densit\u00e9 osseuse d&#8217;une personne de trente ans.<\/p>\n<p>-ost\u00e9oporose pour une perte sup\u00e9rieure ou \u00e9gale \u00e0 25% par rapport \u00e0 la densit\u00e9 osseuse d&#8217;une personne de trente ans.<\/p>\n<p>&nbsp;<\/p>\n<p><strong>Remarque\u00a0<\/strong>: le remboursement de cet examen est soumis et restreint \u00e0 certaines indications voir site ameli.fr.<\/p>\n<p><a href=\"https:\/\/www.ameli.fr\/assure\/sante\/assurance-maladie\/prevention-depistages\/osteodensitometrie\">https:\/\/www.ameli.fr\/assure\/sante\/assurance-maladie\/prevention-depistages\/osteodensitometrie<\/a><\/p>\n","protected":false},"excerpt":{"rendered":"<p>Ost\u00e9odensitom\u00e9trie De quoi s\u2019agit-il\u00a0? &nbsp; C&#8217;est un examen qui permet de faire le diagnostic et de surveiller l&#8217;\u00e9volution de l&#8217;ost\u00e9oporose sous traitement \u00e9ventuel. &nbsp; L&#8217;ost\u00e9oporose est une maladie longtemps silencieuse qui peut aboutir \u00e0 des fractures de vert\u00e8bres, du col f\u00e9moral et du poignet. Elle touche essentiellement les femmes et devient plus fr\u00e9quente et s\u00e9v\u00e8re [&hellip;]<\/p>\n","protected":false},"author":1,"featured_media":0,"parent":0,"menu_order":0,"comment_status":"closed","ping_status":"closed","template":"","meta":[],"_links":{"self":[{"href":"https:\/\/radiologie-cambrai.fr\/index.php?rest_route=\/wp\/v2\/pages\/46"}],"collection":[{"href":"https:\/\/radiologie-cambrai.fr\/index.php?rest_route=\/wp\/v2\/pages"}],"about":[{"href":"https:\/\/radiologie-cambrai.fr\/index.php?rest_route=\/wp\/v2\/types\/page"}],"author":[{"embeddable":true,"href":"https:\/\/radiologie-cambrai.fr\/index.php?rest_route=\/wp\/v2\/users\/1"}],"replies":[{"embeddable":true,"href":"https:\/\/radiologie-cambrai.fr\/index.php?rest_route=%2Fwp%2Fv2%2Fcomments&post=46"}],"version-history":[{"count":3,"href":"https:\/\/radiologie-cambrai.fr\/index.php?rest_route=\/wp\/v2\/pages\/46\/revisions"}],"predecessor-version":[{"id":133,"href":"https:\/\/radiologie-cambrai.fr\/index.php?rest_route=\/wp\/v2\/pages\/46\/revisions\/133"}],"wp:attachment":[{"href":"https:\/\/radiologie-cambrai.fr\/index.php?rest_route=%2Fwp%2Fv2%2Fmedia&parent=46"}],"curies":[{"name":"wp","href":"https:\/\/api.w.org\/{rel}","templated":true}]}}