{"id":44,"date":"2018-05-15T18:59:16","date_gmt":"2018-05-15T16:59:16","guid":{"rendered":"http:\/\/radiologie-cambrai.fr\/?page_id=44"},"modified":"2018-05-23T22:20:43","modified_gmt":"2018-05-23T20:20:43","slug":"imagerie-dentaire","status":"publish","type":"page","link":"https:\/\/radiologie-cambrai.fr\/?page_id=44","title":{"rendered":"Imagerie Dentaire"},"content":{"rendered":"<h1 style=\"text-align: center;\">Imagerie Dentaire<\/h1>\n<p>Comme\u00a0pour chaque examen radiologique, la technique utilise un appareillage \u00e9mettant un faisceau de rayons X.<\/p>\n<p>&nbsp;<\/p>\n<h3 style=\"text-align: center;\"><strong>De quoi s\u2019agit-il\u00a0?<\/strong><\/h3>\n<p>&nbsp;<\/p>\n<p>L\u2019examen panoramique dentaire est une radiographie qui permet de visualiser sur un seul clich\u00e9 :<\/p>\n<ul>\n<li>Les arcades dentaires,<\/li>\n<li>Les maxillaires,<\/li>\n<li>Les parties inf\u00e9rieures des fosses nasales,<\/li>\n<li>Les sinus maxillaires.<\/li>\n<\/ul>\n<p>&nbsp;<\/p>\n<p><strong>D\u00e9roulement de l\u2019examen<\/strong><\/p>\n<p>&nbsp;<\/p>\n<p>Le patient est debout, la t\u00eate l\u00e9g\u00e8rement pench\u00e9e en arri\u00e8re, le menton en avant, et doit mordre un petit support de plastique horizontal. On utilise un centreur lumineux qui permet de rep\u00e9rer la parfaite sym\u00e9trie de la t\u00eate. L\u2019examen dure environ 20 secondes pendant lesquelles il faut \u00e9viter de bouger.<\/p>\n<p>&nbsp;<\/p>\n<p><img loading=\"lazy\" class=\"size-medium wp-image-186 aligncenter\" src=\"https:\/\/radiologie-cambrai.fr\/wp-content\/uploads\/2018\/05\/imagerie-300x144.jpg\" alt=\"\" width=\"300\" height=\"144\" srcset=\"https:\/\/radiologie-cambrai.fr\/wp-content\/uploads\/2018\/05\/imagerie-300x144.jpg 300w, https:\/\/radiologie-cambrai.fr\/wp-content\/uploads\/2018\/05\/imagerie.jpg 597w\" sizes=\"(max-width: 300px) 100vw, 300px\" \/><\/p>\n<p>&nbsp;<\/p>\n<h3>R\u00e9sultats<\/h3>\n<p>&nbsp;<\/p>\n<p>La radiographie panoramique dentaire permet de d\u00e9pister les foyers infectieux dentaires, d\u2019\u00e9valuer les anomalies des dents de lait et le positionnement des dents de sagesse.<\/p>\n<p>&nbsp;<\/p>\n<p>Le panoramique dentaire permet \u00e9galement de mettre en \u00e9vidence des affections osseuses des maxillaires ou d\u2019explorer des l\u00e9sions post-traumatiques.<\/p>\n<p>&nbsp;<\/p>\n","protected":false},"excerpt":{"rendered":"<p>Imagerie Dentaire Comme\u00a0pour chaque examen radiologique, la technique utilise un appareillage \u00e9mettant un faisceau de rayons X. &nbsp; De quoi s\u2019agit-il\u00a0? &nbsp; L\u2019examen panoramique dentaire est une radiographie qui permet de visualiser sur un seul clich\u00e9 : Les arcades dentaires, Les maxillaires, Les parties inf\u00e9rieures des fosses nasales, Les sinus maxillaires. &nbsp; D\u00e9roulement de l\u2019examen [&hellip;]<\/p>\n","protected":false},"author":1,"featured_media":0,"parent":0,"menu_order":0,"comment_status":"closed","ping_status":"closed","template":"","meta":[],"_links":{"self":[{"href":"https:\/\/radiologie-cambrai.fr\/index.php?rest_route=\/wp\/v2\/pages\/44"}],"collection":[{"href":"https:\/\/radiologie-cambrai.fr\/index.php?rest_route=\/wp\/v2\/pages"}],"about":[{"href":"https:\/\/radiologie-cambrai.fr\/index.php?rest_route=\/wp\/v2\/types\/page"}],"author":[{"embeddable":true,"href":"https:\/\/radiologie-cambrai.fr\/index.php?rest_route=\/wp\/v2\/users\/1"}],"replies":[{"embeddable":true,"href":"https:\/\/radiologie-cambrai.fr\/index.php?rest_route=%2Fwp%2Fv2%2Fcomments&post=44"}],"version-history":[{"count":5,"href":"https:\/\/radiologie-cambrai.fr\/index.php?rest_route=\/wp\/v2\/pages\/44\/revisions"}],"predecessor-version":[{"id":188,"href":"https:\/\/radiologie-cambrai.fr\/index.php?rest_route=\/wp\/v2\/pages\/44\/revisions\/188"}],"wp:attachment":[{"href":"https:\/\/radiologie-cambrai.fr\/index.php?rest_route=%2Fwp%2Fv2%2Fmedia&parent=44"}],"curies":[{"name":"wp","href":"https:\/\/api.w.org\/{rel}","templated":true}]}}