{"id":42,"date":"2018-05-15T18:58:53","date_gmt":"2018-05-15T16:58:53","guid":{"rendered":"http:\/\/radiologie-cambrai.fr\/?page_id=42"},"modified":"2018-06-14T08:01:28","modified_gmt":"2018-06-14T06:01:28","slug":"galactographie","status":"publish","type":"page","link":"https:\/\/radiologie-cambrai.fr\/?page_id=42","title":{"rendered":"Galactographie"},"content":{"rendered":"<h1 style=\"text-align: center;\">\u00a0\u00a0Galactographie<\/h1>\n<p>La galactographie est un\u00a0examen compl\u00e9mentaire de\u00a0la mammographie, r\u00e9alis\u00e9 en opacifiant un\u00a0canal galactophore, responsable d\u2019un \u00e9coulement anormal, en\u00a0injectant un liquide de contraste iod\u00e9, par l\u2019orifice du canal au mamelon.<\/p>\n<p><strong>COMMENT CELA SE PASSE ?<\/strong><\/p>\n<p>&nbsp;<\/p>\n<ul>\n<li>Le radiologue commence par rep\u00e9rer le pore d&#8217;o\u00f9 vient l&#8217;\u00e9coulement, par la palpation. C&#8217;est une \u00e9tape minutieuse car les pores sont tr\u00e8s petits.<\/li>\n<li>Ensuite, il ins\u00e8re un petit instrument conique tr\u00e8s fin dans l\u2019orifice (quand il y a un \u00e9coulement, cela le rend perm\u00e9able) et il injecte le\u00a0<a href=\"http:\/\/www.docteurclic.com\/examen\/produit-de-contraste.aspx\"><strong>produit de contraste<\/strong><\/a>\u00a0. Le volume atteint est correct s&#8217;il y a un reflux ou si une petite douleur\u00a0appara\u00eet, t\u00e9moin de la mise en tension.<\/li>\n<li>Les seuls effets secondaires sont une \u00e9ventuelle sensation d&#8217;inflammation (tension sensible) pendant 24 heures.<\/li>\n<\/ul>\n<p>&nbsp;<\/p>\n<p><strong>INDICATIONS<\/strong><\/p>\n<p>&nbsp;<\/p>\n<p>Cet examen est pratiqu\u00e9 en compl\u00e9ment d&#8217;une mammographie dans le cadre d&#8217;un\u00a0<a href=\"http:\/\/www.docteurclic.com\/symptome\/ecoulement-par-les-seins.aspx\"><strong>\u00e9coulement anormal par un mamelon<\/strong><\/a>\u00a0(uni-orificiel, s\u00e9reux ou sanguinolent) surtout si la mammographie et l&#8217;\u00e9chographie sont normales.<\/p>\n<p>&nbsp;<\/p>\n<p><strong>R\u00c9SULTATS<\/strong><\/p>\n<p>&nbsp;<\/p>\n<p>La galactographie montre une dilatation du<\/p>\n<p>canal, une image correspondant \u00e0 1 ou plusieurs papillomes, un r\u00e9tr\u00e9cissement. Parfois le liquide entoure une calcification.<\/p>\n<p>&nbsp;<\/p>\n<p>Les r\u00e9sultats de cet examen permettent d&#8217;identifier une<strong><u>\u00a0<a href=\"http:\/\/www.docteurclic.com\/encyclopedie\/tumeur.aspx\">tumeur<\/a>\u00a0b\u00e9nigne<\/u><\/strong> (85% des cas) et beaucoup plus rarement d&#8217;un\u00a0<a href=\"http:\/\/www.docteurclic.com\/maladie\/cancers.aspx\"><strong>cancer<\/strong><\/a>.<\/p>\n<p>&nbsp;<\/p>\n<p>Les images ne permettent pas de poser un diagnostic et l&#8217;ex\u00e9r\u00e8se de la l\u00e9sion est n\u00e9cessaire.<\/p>\n<p>&nbsp;<\/p>\n<p><img loading=\"lazy\" class=\"size-medium wp-image-185 aligncenter\" src=\"https:\/\/radiologie-cambrai.fr\/wp-content\/uploads\/2018\/05\/mamo2-300x180.jpg\" alt=\"\" width=\"300\" height=\"180\" srcset=\"https:\/\/radiologie-cambrai.fr\/wp-content\/uploads\/2018\/05\/mamo2-300x180.jpg 300w, https:\/\/radiologie-cambrai.fr\/wp-content\/uploads\/2018\/05\/mamo2.jpg 434w\" sizes=\"(max-width: 300px) 100vw, 300px\" \/><\/p>\n<h1 style=\"text-align: center;\"><\/h1>\n<p>&nbsp;<\/p>\n","protected":false},"excerpt":{"rendered":"<p>\u00a0\u00a0Galactographie La galactographie est un\u00a0examen compl\u00e9mentaire de\u00a0la mammographie, r\u00e9alis\u00e9 en opacifiant un\u00a0canal galactophore, responsable d\u2019un \u00e9coulement anormal, en\u00a0injectant un liquide de contraste iod\u00e9, par l\u2019orifice du canal au mamelon. COMMENT CELA SE PASSE ? &nbsp; Le radiologue commence par rep\u00e9rer le pore d&#8217;o\u00f9 vient l&#8217;\u00e9coulement, par la palpation. C&#8217;est une \u00e9tape minutieuse car les pores [&hellip;]<\/p>\n","protected":false},"author":1,"featured_media":0,"parent":0,"menu_order":0,"comment_status":"closed","ping_status":"closed","template":"","meta":[],"_links":{"self":[{"href":"https:\/\/radiologie-cambrai.fr\/index.php?rest_route=\/wp\/v2\/pages\/42"}],"collection":[{"href":"https:\/\/radiologie-cambrai.fr\/index.php?rest_route=\/wp\/v2\/pages"}],"about":[{"href":"https:\/\/radiologie-cambrai.fr\/index.php?rest_route=\/wp\/v2\/types\/page"}],"author":[{"embeddable":true,"href":"https:\/\/radiologie-cambrai.fr\/index.php?rest_route=\/wp\/v2\/users\/1"}],"replies":[{"embeddable":true,"href":"https:\/\/radiologie-cambrai.fr\/index.php?rest_route=%2Fwp%2Fv2%2Fcomments&post=42"}],"version-history":[{"count":8,"href":"https:\/\/radiologie-cambrai.fr\/index.php?rest_route=\/wp\/v2\/pages\/42\/revisions"}],"predecessor-version":[{"id":319,"href":"https:\/\/radiologie-cambrai.fr\/index.php?rest_route=\/wp\/v2\/pages\/42\/revisions\/319"}],"wp:attachment":[{"href":"https:\/\/radiologie-cambrai.fr\/index.php?rest_route=%2Fwp%2Fv2%2Fmedia&parent=42"}],"curies":[{"name":"wp","href":"https:\/\/api.w.org\/{rel}","templated":true}]}}