{"id":40,"date":"2018-05-15T18:58:18","date_gmt":"2018-05-15T16:58:18","guid":{"rendered":"http:\/\/radiologie-cambrai.fr\/?page_id=40"},"modified":"2018-06-04T18:22:21","modified_gmt":"2018-06-04T16:22:21","slug":"mammographie-tomosynthese","status":"publish","type":"page","link":"https:\/\/radiologie-cambrai.fr\/?page_id=40","title":{"rendered":"Mammographie-Tomosynth\u00e8se"},"content":{"rendered":"<h1 style=\"text-align: center;\">Mammographie-Tomosynth\u00e8se<\/h1>\n<p>&nbsp;<\/p>\n<h3 style=\"text-align: center;\"><strong>De quoi s\u2019agit-il ?<\/strong><\/h3>\n<p>&nbsp;<\/p>\n<p>L\u2019exploration radiologique du sein la plus courante est la mammographie. Celle-ci peut \u00eatre associ\u00e9e \u00e0 une \u00e9chographie et \u00e0 une ponction.<\/p>\n<p>&nbsp;<\/p>\n<p><strong>Qu\u2019est-ce qu\u2019une mammographie ?<\/strong><\/p>\n<p>&nbsp;<\/p>\n<p>La mammographie est une radiographie des seins.<\/p>\n<p>&nbsp;<\/p>\n<p>En fonction de chaque patiente (\u00e2ge, ant\u00e9c\u00e9dents familiaux\u2026), le radiologue r\u00e9alisera la mammographie \u00e9ventuellement associ\u00e9e \u00e0 l\u2019\u00e9chographie, ou l\u2019\u00e9chographie seule.<\/p>\n<p>&nbsp;<\/p>\n<p>&nbsp;<\/p>\n<p>La mammographie utilise les rayons X.<\/p>\n<p>&nbsp;<\/p>\n<p>C\u2019est une technique peu irradiante, n\u00e9cessitant une compression g\u00e9n\u00e9ralement \u00a0peu douloureuse des seins.<\/p>\n<p>&nbsp;<\/p>\n<p>En mati\u00e8re d\u2019irradiation des patients, aucun risque n\u2019a pu \u00eatre d\u00e9montr\u00e9 compte tenu des faibles doses utilis\u00e9es et des pr\u00e9cautions prises pour limiter au strict minimum la zone examin\u00e9e. Toutefois, pour les femmes enceintes, des pr\u00e9cautions doivent \u00eatre prises syst\u00e9matiquement : c\u2019est pourquoi il est important de signaler si vous pouvez \u00eatre dans ce cas.<\/p>\n<p>&nbsp;<\/p>\n<p>&nbsp;<\/p>\n<p><strong>Pour la qualit\u00e9 de l\u2019image et une moindre irradiation, il est n\u00e9cessaire de comprimer le sein. Afin de diminuer l\u2019inconfort et la douleur \u00e9ventuelle \u00e0 la compression, il est conseill\u00e9 de faire cet examen en premi\u00e8re partie de cycle menstruel.<\/strong><\/p>\n<p>&nbsp;<\/p>\n<p><strong>Quel est le principe de la tomosynth\u00e8se ?<\/strong><strong>\u00a0<\/strong><\/p>\n<p>&nbsp;<\/p>\n<p>C\u2019est une technologie de mammographie num\u00e9rique 3D qui consiste \u00e0 acqu\u00e9rir des images d\u2019un sein compress\u00e9 sous diff\u00e9rents angles. Cela permet de diminuer le probl\u00e8me de superposition des tissus auquel nous sommes confront\u00e9s lors d\u2019une mammographie classique.<\/p>\n<p>&nbsp;<\/p>\n<p>Pendant que le sein est immobilis\u00e9, le tube \u00e0 Rayons X se d\u00e9place sur un arc de cercle au-dessus de celui-ci. Les d\u00e9tecteurs plans sont situ\u00e9s sous le sein (ils sont fixes ou mobiles). Les images de ce dernier sont envoy\u00e9es sur une console pour l\u2019analyse et l\u2019interpr\u00e9tation par le radiologue.<\/p>\n<p>&nbsp;<\/p>\n<p><img loading=\"lazy\" class=\"size-full wp-image-184 aligncenter\" src=\"https:\/\/radiologie-cambrai.fr\/wp-content\/uploads\/2018\/05\/mamo1.jpg\" alt=\"\" width=\"122\" height=\"130\" \/><\/p>\n<p>&nbsp;<\/p>\n<p><strong>Quels en sont les int\u00e9r\u00eats et les avantages?<\/strong><\/p>\n<p>&nbsp;<\/p>\n<p>Cela permet au radiologue de mieux visualiser le tissu mammaire en s\u2019affranchissant des superpositions habituelles, ce qui entraine une diminution du taux d\u2019images douteuses et la diminution du nombre de clich\u00e9s suppl\u00e9mentaires.<\/p>\n<p>&nbsp;<\/p>\n<p><strong>En terme d\u2019examens, quelle est la diff\u00e9rence avec la mammographie traditionnelle ? Est-ce plus douloureux ? Plus long \u2026?<\/strong><\/p>\n<p>&nbsp;<\/p>\n<p>Ce n\u2019est pas plus douloureux que la mammographie classique car le sein est comprim\u00e9 de la m\u00eame fa\u00e7on et la dur\u00e9e de l\u2019examen est \u00e9quivalente (exposition tr\u00e8s courte).<\/p>\n<p><strong>Est-ce plus irradiant ?<\/strong><\/p>\n<p>&nbsp;<\/p>\n<p>La tomosynth\u00e9se que nous utilisons n\u2019est pas plus irradiante qu\u2019une mammographie classique. Une acquisition de tomosynth\u00e8se en terme de dose de rayon X est moindre ou \u00e9gale \u00e0 celle d\u2019une acquisition num\u00e9rique 2D traditionnelle.<\/p>\n<p>De plus, dans de nombreux cas, l\u2019image 3D \u00e9tant plus claire, cela \u00e9vite des clich\u00e9s suppl\u00e9mentaires qui sont eux, par d\u00e9finition, plus irradiants.<\/p>\n<p>&nbsp;<\/p>\n<p><strong>Est-ce que les r\u00e9sultats sont connus rapidement ?<\/strong><\/p>\n<p>&nbsp;<\/p>\n<p>Oui, dans les d\u00e9lais identiques \u00e0 la mammographie habituelle, c&#8217;est-\u00e0-dire tout de suite apr\u00e8s l\u2019examen.<\/p>\n<p>&nbsp;<\/p>\n<p>La classification Birads (Breast Imaging Reporting And Data System) de l\u2019ACR est une classification internationale \u00e9tablie par l\u2019American college of Radiology.<\/p>\n<p>Elle permet d\u2019\u00e9tablir une attitude commune en fonction d\u2019une anomalie d\u00e9pist\u00e9e en imagerie mammaire.<\/p>\n<p>Elle peut \u00eatre unilat\u00e9rale ou bilat\u00e9rale en fonction de l\u2019\u00e9tude d\u2019un ou des deux seins.<\/p>\n<p>&nbsp;<\/p>\n<p>Elle est pr\u00e9sente en fin de chaque compte rendu de mammographie, \u00e9chographie mammaire ou IRM des seins.<\/p>\n<p>&nbsp;<\/p>\n<p>Elle permet d\u2019\u00e9tablir une conduite \u00e0 tenir standardis\u00e9e lors d\u2019anomalie d\u00e9pist\u00e9e en imagerie du sein.<\/p>\n<p>&nbsp;<\/p>\n<p><strong>Une mammographie class\u00e9e ACR 0<\/strong>, \u00a0correspond \u00e0 une\u00a0<strong>mammographie mise en attente<\/strong>, pour laquelle une comparaison \u00e0 l\u2019examen ant\u00e9rieur, ou des clich\u00e9s compl\u00e9mentaires (localis\u00e9s ou agrandis) sont n\u00e9cessaires.<\/p>\n<p><strong>Une mammographie class\u00e9e ACR 1<\/strong>, \u00a0correspond \u00e0 une\u00a0<strong>mammographie normale<\/strong>, pour laquelle une surveillance habituelle est pr\u00e9conis\u00e9e.<\/p>\n<p><strong>Une mammographie class\u00e9e ACR 2<\/strong>, \u00a0correspond \u00e0 une\u00a0<strong>mammographie ayant une anomalie b\u00e9nigne<\/strong>\u00a0(kyste\u2026), pour laquelle une surveillance habituelle est pr\u00e9conis\u00e9e.<\/p>\n<p><strong>Une mammographie class\u00e9e ACR 3<\/strong>, \u00a0correspond \u00e0 une\u00a0<strong>mammographie ayant une anomalie tr\u00e8s probablement b\u00e9nigne<\/strong>, pour laquelle une surveillance \u00e0 court terme est pr\u00e9conis\u00e9e (initialement apr\u00e8s 4 \u00e0 6 mois).<\/p>\n<p><strong>Une mammographie class\u00e9e ACR 4<\/strong>, \u00a0correspond \u00e0 une mammographie ayant une\u00a0<strong>anomalie\u00a0ind\u00e9termin\u00e9e\u00a0ou suspecte<\/strong>, pour laquelle la poursuite des investigations reste n\u00e9cessaire (microbiopsie \u00e9choguid\u00e9e, macrobiopsie st\u00e9r\u00e9otaxique, cytoponction, IRM mammaire\u2026).<\/p>\n<p><strong>Une mammographie class\u00e9e ACR5<\/strong>, \u00a0correspond \u00e0 une mammographie ayant une\u00a0<strong>anomalie \u00e9vocatrice de cancer du sein<\/strong>, et pour laquelle la poursuite des investigations reste indispensable(microbiopsie sous \u00e9chographie, macrobiopsie st\u00e9r\u00e9otaxique, cytoponction\u2026).<\/p>\n<p><strong>Une mammographie class\u00e9e ACR6<\/strong>, \u00a0correspond \u00e0 une\u00a0<strong>mammographie ayant un cancer prouv\u00e9<\/strong>, le plus souvent sous traitement (chimioth\u00e9rapie, hormonoth\u00e9rapie)<\/p>\n<p>&nbsp;<\/p>\n<p><strong>En termes de co\u00fbts ?<\/strong><\/p>\n<p>&nbsp;<\/p>\n<p>La tomosynth\u00e8se est r\u00e9alis\u00e9e aux d\u00e9cours de l\u2019examen sans surco\u00fbt pour la patiente, ni pour la S\u00e9curit\u00e9 Sociale, ni pour les mutuelles.<\/p>\n<p>&nbsp;<\/p>\n<p><strong>Quelle est la fr\u00e9quence recommand\u00e9e ?<\/strong><\/p>\n<p>&nbsp;<\/p>\n<p>La m\u00eame que celle d\u2019une mammographie habituelle (c&#8217;est-\u00e0-dire au minimum tous les 2 ans) et\/ou selon la prescription de votre m\u00e9decin traitant ou de votre gyn\u00e9cologue.<\/p>\n<p>&nbsp;<\/p>\n<p><strong>Est-ce une technique de mammographie destin\u00e9e \u00e0 toutes les femmes ?<\/strong><\/p>\n<p>&nbsp;<\/p>\n<p>C\u2019est effectivement une technologie qui s\u2019adresse \u00e0 toutes les femmes.<\/p>\n<p>&nbsp;<\/p>\n<p>Une \u00e9tude publi\u00e9e en 2013 par une \u00e9quipe norv\u00e9gienne sp\u00e9cialis\u00e9e en d\u00e9pistage, a montr\u00e9 une am\u00e9lioration du taux de d\u00e9tection de cancer de 27% par rapport \u00e0 la mammographie num\u00e9rique 2D et parmi ces cancers d\u00e9tect\u00e9s, une am\u00e9lioration significative de 41% de la d\u00e9tection de cancers d\u00e9j\u00e0 invasifs\u00a0<sup>(1)<\/sup>.<\/p>\n<p>&nbsp;<\/p>\n<p>Une autre\u00a0<a href=\"https:\/\/www.american-hospital.org\/fr\/actualites\/actualites-sante-dans-le-monde\/actualite\/article\/depistage-du-cancer-3.html\">\u00e9tude<\/a>, publi\u00e9e le 25 juin 2014, a confirm\u00e9 ces r\u00e9sultats en faveur de la tomosynth\u00e8se, en concluant que cette innovation technologique permettait de d\u00e9tecter davantage de cancers invasifs du sein (+33%) et de diminuer de -15%, le nombre de \u00ab faux-positifs \u00bb<\/p>\n<p>&nbsp;<\/p>\n<p><strong>Existe-t-il encore d\u2019autres examens radiologiques du sein ?<\/strong><\/p>\n<p>&nbsp;<\/p>\n<p>Dans certaines circonstances tr\u00e8s particuli\u00e8res, une <strong>Imagerie par R\u00e9sonance Magn\u00e9tique<\/strong> du sein pourra \u00eatre demand\u00e9e ; elle n\u00e9cessite les m\u00eames pr\u00e9cautions et recommandations que pour toute exploration par IRM.<\/p>\n<p>&nbsp;<\/p>\n<p>En cas d\u2019\u00e9coulement du mamelon, on peut vous proposer une <strong>galactographie <a href=\"https:\/\/radiologie-cambrai.fr\/?page_id=42\">(en apprendre plus sur la galactographie)<\/a>.<\/strong><\/p>\n<p>&nbsp;<\/p>\n","protected":false},"excerpt":{"rendered":"<p>Mammographie-Tomosynth\u00e8se &nbsp; De quoi s\u2019agit-il ? &nbsp; L\u2019exploration radiologique du sein la plus courante est la mammographie. Celle-ci peut \u00eatre associ\u00e9e \u00e0 une \u00e9chographie et \u00e0 une ponction. &nbsp; Qu\u2019est-ce qu\u2019une mammographie ? &nbsp; La mammographie est une radiographie des seins. &nbsp; En fonction de chaque patiente (\u00e2ge, ant\u00e9c\u00e9dents familiaux\u2026), le radiologue r\u00e9alisera la mammographie [&hellip;]<\/p>\n","protected":false},"author":1,"featured_media":0,"parent":0,"menu_order":0,"comment_status":"closed","ping_status":"closed","template":"","meta":[],"_links":{"self":[{"href":"https:\/\/radiologie-cambrai.fr\/index.php?rest_route=\/wp\/v2\/pages\/40"}],"collection":[{"href":"https:\/\/radiologie-cambrai.fr\/index.php?rest_route=\/wp\/v2\/pages"}],"about":[{"href":"https:\/\/radiologie-cambrai.fr\/index.php?rest_route=\/wp\/v2\/types\/page"}],"author":[{"embeddable":true,"href":"https:\/\/radiologie-cambrai.fr\/index.php?rest_route=\/wp\/v2\/users\/1"}],"replies":[{"embeddable":true,"href":"https:\/\/radiologie-cambrai.fr\/index.php?rest_route=%2Fwp%2Fv2%2Fcomments&post=40"}],"version-history":[{"count":10,"href":"https:\/\/radiologie-cambrai.fr\/index.php?rest_route=\/wp\/v2\/pages\/40\/revisions"}],"predecessor-version":[{"id":304,"href":"https:\/\/radiologie-cambrai.fr\/index.php?rest_route=\/wp\/v2\/pages\/40\/revisions\/304"}],"wp:attachment":[{"href":"https:\/\/radiologie-cambrai.fr\/index.php?rest_route=%2Fwp%2Fv2%2Fmedia&parent=40"}],"curies":[{"name":"wp","href":"https:\/\/api.w.org\/{rel}","templated":true}]}}