{"id":38,"date":"2018-05-15T18:57:20","date_gmt":"2018-05-15T16:57:20","guid":{"rendered":"http:\/\/radiologie-cambrai.fr\/?page_id=38"},"modified":"2018-06-04T18:12:24","modified_gmt":"2018-06-04T16:12:24","slug":"echographie","status":"publish","type":"page","link":"https:\/\/radiologie-cambrai.fr\/?page_id=38","title":{"rendered":"Echographie"},"content":{"rendered":"<h1 style=\"text-align: center;\">Echographie<\/h1>\n<h3 style=\"text-align: center;\"><strong>De quoi s\u2019agit-il\u00a0? Comment fonctionne un \u00e9chographe?<\/strong><\/h3>\n<p>&nbsp;<\/p>\n<p>L\u2019\u00e9chographie est une technique d\u2019imagerie non douloureuse qui utilise des ultrasons.<\/p>\n<p>&nbsp;<\/p>\n<p>Un son \u00e0 haute fr\u00e9quence est \u00e9mis, et c\u2019est la r\u00e9flexion (l\u2019\u00e9cho) du son sur un objet qui va donner la position et la forme de l\u2019objet.<\/p>\n<p>En \u00e9chographie, les sons utilis\u00e9s sont \u00e0 tr\u00e8s haute fr\u00e9quence, dont l\u2019unit\u00e9 est exprim\u00e9e en m\u00e9gahertz (MHz). En fonction de l\u2019organe \u00e9tudi\u00e9, le radiologue a \u00e0 sa disposition plusieurs types de sondes utilisant des plages de fr\u00e9quences diff\u00e9rentes.<br \/>\nL\u2019\u00e9chographie par sonde externe est utilis\u00e9e pour \u00e9tudier les organes superficiels (thyro\u00efde, tendons, ligaments\u2026) mais aussi pour l\u2019\u00e9tude du ventre (abdomen), du bas ventre (pelvis). Les sondes endocavitaires\u00a0 permettent d\u2019\u00e9tudier au plus pr\u00e8s les organes internes par les voies naturelles (vagin pour l\u2019ut\u00e9rus et les ovaires, et anus pour la prostate).<\/p>\n<p>&nbsp;<\/p>\n<p>Le guidage \u00e9chographique est\u00a0 \u00e9galement utilis\u00e9 pour les ponctions, les biopsies et pour certaines infiltrations.<\/p>\n<p>&nbsp;<\/p>\n<p><strong>D\u00e9roulement d\u2019une \u00e9chographie<\/strong><\/p>\n<p>&nbsp;<\/p>\n<p>Un gel est appliqu\u00e9 sur la peau pour permettre la transmission des ultrasons \u00e9mis par la sonde aux organes sous jacents. L\u2019\u00e9tude du ventre et du bas ventre se fait en position allong\u00e9e le plus souvent. L\u2019\u00e9tude peut \u00eatre r\u00e9alis\u00e9e debout pour rechercher des hernies du pli de l\u2019aine, une descente de la vessie \u00a0ou pour rechercher des varices testiculaires.<br \/>\nLe positionnement pour l\u2019\u00e9tude des articulations est propre \u00e0 chaque zone anatomique, l\u2019\u00e9paule, le coude et le poignet \u00e9tant \u00e9tudi\u00e9s assis ; les hanches, genoux et pieds allong\u00e9s.<\/p>\n<p>Pour l\u2019\u00e9tude du bas ventre (pelvis) chez la femme (ut\u00e9rus, ovaires) et chez l\u2019homme (prostate, v\u00e9sicules s\u00e9minales), l\u2019\u00e9tude par voie superficielle est souvent compl\u00e9t\u00e9e par une \u00e9tude \u00ab endocavitaire\u00a0\u00bb.<\/p>\n<p>&nbsp;<\/p>\n<p><strong>Quelles sont les recommandations pour le patient pour passer une \u00e9chographie ?<\/strong><\/p>\n<p>&nbsp;<\/p>\n<p>L\u2019\u00e9chographie est un examen non irradiant. Il n\u2019existe aucune contre-indication \u00e0 la r\u00e9alisation d\u2019une \u00e9chographie.<br \/>\nPour les \u00e9chographies du ventre (abdomen), le patient doit rester \u00e0 jeun au moins 4 heures, sans fumer ni boire.<\/p>\n<p>&nbsp;<\/p>\n<p>Pour les \u00e9chographies des reins, de la vessie et les \u00e9chographies pelviennes, les patients doivent boire 2 \u00e0 3 grands verres d\u2019eau au moins 1h avant l\u2019examen, et ne pas uriner 2h avant l\u2019examen. La vessie remplie sert de \u00ab fen\u00eatre acoustique \u00bb pour \u00e9tudier l\u2019ut\u00e9rus et les ovaires (la vessie repousse les intestins qui peuvent masquer les organes, et l\u2019eau contenue dans l\u2019urine conduit tr\u00e8s bien les ultrasons).<\/p>\n<p>Les \u00e9chographies de grossesse doivent \u00eatre r\u00e9alis\u00e9es \u00e0 des moments sp\u00e9cifiques de la grossesse qui seront bien pr\u00e9cis\u00e9s lors de la prise de rendez-vous.<\/p>\n<p>&nbsp;<\/p>\n<p><strong>Dans quel cas r\u00e9aliser une \u00e9chographie et quels sont les diff\u00e9rents types d\u2019\u00e9chographie?<\/strong><\/p>\n<p>&nbsp;<\/p>\n<p>Elle permet l\u2019exploration des tissus mous mais elle ne permet pas l\u2019\u00e9tude de l\u2019os ni des organes contenant de l\u2019air (poumon, estomac, intestins).<\/p>\n<p>L\u2019\u00e9chographie est un examen de 1er recours pour \u00e9tudier le ventre (foie, v\u00e9sicule, reins, rate, pancr\u00e9as), le pelvis (ovaires, ut\u00e9rus chez les femmes, vessie, et prostate chez les hommes), les articulations-tendons, les tum\u00e9factions superficielles (lipomes, kystes), les seins, les f\u0153tus.<\/p>\n<p>&nbsp;<\/p>\n<p><strong>Quelles sont les diff\u00e9rences entre une radiographie et une \u00e9chographie ?<\/strong><\/p>\n<p>&nbsp;<\/p>\n<p>Une radiographie utilise des rayons X comme le scanner, alors qu\u2019une \u00e9chographie utilise les ultrasons. Les informations apport\u00e9es par ces deux techniques d\u2019imagerie sont de ce fait tr\u00e8s diff\u00e9rentes et tr\u00e8s compl\u00e9mentaires : par exemple dans l\u2019\u00e9tude d\u2019une articulation la radiographie renseignera sur l\u2019usure, le pincement de l\u2019articulation et les probl\u00e8mes \u00e0 l\u2019int\u00e9rieur de l\u2019os alors que l\u2019\u00e9chographie renseignera sur l\u2019\u00e9tat des tendons et des ligaments autour de l\u2019articulation.<\/p>\n<p>&nbsp;<\/p>\n<h1 style=\"text-align: center;\"><\/h1>\n","protected":false},"excerpt":{"rendered":"<p>Echographie De quoi s\u2019agit-il\u00a0? Comment fonctionne un \u00e9chographe? &nbsp; L\u2019\u00e9chographie est une technique d\u2019imagerie non douloureuse qui utilise des ultrasons. &nbsp; Un son \u00e0 haute fr\u00e9quence est \u00e9mis, et c\u2019est la r\u00e9flexion (l\u2019\u00e9cho) du son sur un objet qui va donner la position et la forme de l\u2019objet. En \u00e9chographie, les sons utilis\u00e9s sont \u00e0 [&hellip;]<\/p>\n","protected":false},"author":1,"featured_media":0,"parent":0,"menu_order":0,"comment_status":"closed","ping_status":"closed","template":"","meta":[],"_links":{"self":[{"href":"https:\/\/radiologie-cambrai.fr\/index.php?rest_route=\/wp\/v2\/pages\/38"}],"collection":[{"href":"https:\/\/radiologie-cambrai.fr\/index.php?rest_route=\/wp\/v2\/pages"}],"about":[{"href":"https:\/\/radiologie-cambrai.fr\/index.php?rest_route=\/wp\/v2\/types\/page"}],"author":[{"embeddable":true,"href":"https:\/\/radiologie-cambrai.fr\/index.php?rest_route=\/wp\/v2\/users\/1"}],"replies":[{"embeddable":true,"href":"https:\/\/radiologie-cambrai.fr\/index.php?rest_route=%2Fwp%2Fv2%2Fcomments&post=38"}],"version-history":[{"count":8,"href":"https:\/\/radiologie-cambrai.fr\/index.php?rest_route=\/wp\/v2\/pages\/38\/revisions"}],"predecessor-version":[{"id":295,"href":"https:\/\/radiologie-cambrai.fr\/index.php?rest_route=\/wp\/v2\/pages\/38\/revisions\/295"}],"wp:attachment":[{"href":"https:\/\/radiologie-cambrai.fr\/index.php?rest_route=%2Fwp%2Fv2%2Fmedia&parent=38"}],"curies":[{"name":"wp","href":"https:\/\/api.w.org\/{rel}","templated":true}]}}