{"id":36,"date":"2018-05-15T18:56:52","date_gmt":"2018-05-15T16:56:52","guid":{"rendered":"http:\/\/radiologie-cambrai.fr\/?page_id=36"},"modified":"2018-06-26T07:58:10","modified_gmt":"2018-06-26T05:58:10","slug":"irm","status":"publish","type":"page","link":"https:\/\/radiologie-cambrai.fr\/?page_id=36","title":{"rendered":"IRM"},"content":{"rendered":"<h1 style=\"text-align: center;\">IRM<\/h1>\n<p>&nbsp;<\/p>\n<h3 style=\"text-align: center;\"><strong>De quoi s\u2019agit-il ?<\/strong><\/h3>\n<p>&nbsp;<\/p>\n<p>IRM veut dire Imagerie par R\u00e9sonance Magn\u00e9tique.<\/p>\n<p>&nbsp;<\/p>\n<p><strong>L\u2019IRM\u00a0 n\u2019utilisent pas de rayons X<\/strong><\/p>\n<p>&nbsp;<\/p>\n<p>Ce sont des examens non irradiants qui utilisent les propri\u00e9t\u00e9s des champs magn\u00e9tiques pour l\u2019IRM.<\/p>\n<p>&nbsp;<\/p>\n<p>Pour les intensit\u00e9s utilis\u00e9es par cette technique, il n\u2019a jamais \u00e9t\u00e9 d\u00e9crit de cons\u00e9quence particuli\u00e8re pour l\u2019homme.<\/p>\n<p>&nbsp;<\/p>\n<p>&nbsp;<\/p>\n<p>Le mot magn\u00e9tique indique que l\u2019appareil comporte un gros aimant ; le mot r\u00e9sonance indique que l&#8217;on va utiliser des ondes de radiofr\u00e9quence, comme celles des t\u00e9l\u00e9phones portables pour faire vibrer les nombreux noyaux d&#8217;hydrog\u00e8ne composant les tissus de votre corps, et fabriquer ainsi des images.<\/p>\n<p>&nbsp;<\/p>\n<p>&nbsp;<\/p>\n<p><strong>Le d\u00e9roulement de l\u2019examen<\/strong><\/p>\n<p>&nbsp;<\/p>\n<p>\u00c0 votre arriv\u00e9e, on vous posera, comme lors de la prise du rendez-vous, plusieurs questions\u00a0: <strong><u>le plus important est de signaler que vous n&#8217;avez ni pile cardiaque (pacemaker), ni valve cardiaque m\u00e9canique, ni de stent, ni neuro-stimulateur, ni de proth\u00e8se,\u00a0 ni d&#8217;\u00e9l\u00e9ment contenant du fer pr\u00e8s des yeux ou dans la t\u00eate.<\/u><\/strong><\/p>\n<p>&nbsp;<\/p>\n<p><strong><u>Merci de pr\u00e9ciser si vous avez subi une chrirugie r\u00e9cente.<\/u><\/strong><\/p>\n<p>&nbsp;<\/p>\n<p><strong><u>Si c\u2019est le cas, merci de vous munir\u00a0 de votre compte-rendu op\u00e9ratoire et\/ou de votre\u00a0 carte d\u2019identification du mat\u00e9riel implant\u00e9.<\/u><\/strong><\/p>\n<p>&nbsp;<\/p>\n<p><strong>\u00a0<\/strong><\/p>\n<p>Pour permettre d\u2019obtenir des images de bonne qualit\u00e9, on vous indiquera les v\u00eatements que vous devrez enlever. Vous ne garderez aucun bouton, agrafe, barrette de cheveux ou fermeture \u00e9clair m\u00e9tallique. Vous laisserez au vestiaire, dans un casier, vos bijoux, montre, clefs, porte-monnaie, cartes \u00e0 bande magn\u00e9tique (carte de cr\u00e9dit, de transport..) et votre t\u00e9l\u00e9phone portable.<\/p>\n<p>&nbsp;<\/p>\n<p>Vous entrerez dans une salle qui sera ferm\u00e9e pendant l&#8217;examen. Vous serez allong\u00e9 sur un lit qui se d\u00e9place dans une sorte de tunnel pour la plupart des appareils, le plus souvent sur le dos et seul dans la salle d\u2019examen ; nous communiquerons avec vous gr\u00e2ce \u00e0 un micro. Dans tous les cas, l\u2019\u00e9quipe se trouve tout pr\u00e8s de vous, derri\u00e8re une vitre. Elle vous voit et vous entend, pendant tout l\u2019examen. Si vous voulez nous appeler, vous pourrez utiliser une sonnette que l&#8217;on placera dans votre main. Si cela est n\u00e9cessaire, on peut \u00e0 tout moment intervenir ou interrompre l&#8217;examen.<\/p>\n<p>&nbsp;<\/p>\n<p>Vous resterez en moyenne 15 \u00e0 30 minutes dans la salle d\u2019examen. Votre coop\u00e9ration est importante : vous devez essayer de rester parfaitement immobile; dans certains cas, nous vous dirons, \u00e0 l\u2019aide du micro, quand arr\u00eater de respirer pour quelques secondes. A cet instant pr\u00e9cis, vous entendrez un bruit r\u00e9p\u00e9titif, comme celui d&#8217;un moteur de bateau ou d&#8217;un tam-tam, pendant ce qu&#8217;on appelle une s\u00e9quence.<\/p>\n<p>&nbsp;<\/p>\n<p>Certains examens n\u00e9cessitent une injection intraveineuse, si votre fonction r\u00e9nale le permet, le plus souvent au pli du coude.<\/p>\n<p>&nbsp;<\/p>\n<p><strong>Que ressentirez-vous ?<\/strong><\/p>\n<p>&nbsp;<\/p>\n<p>L\u2019examen n\u2019est pas douloureux, mais il est souvent un peu long et le bruit peut \u00eatre d\u00e9sagr\u00e9able.<\/p>\n<p>&nbsp;<\/p>\n<p>Un sentiment de malaise par crainte d&#8217;\u00eatre enferm\u00e9 (claustrophobie) est un probl\u00e8me courant que nous connaissons bien. Souvent on peut le r\u00e9duire par des moyens simples, sans aucun traitement. Si, par exemple, vous \u00eates mal \u00e0 l&#8217;aise dans un ascenseur, parlez-en tout de suite au personnel d&#8217;accueil, afin que l&#8217;on vous prenne particuli\u00e8rement en charge.<\/p>\n<p>&nbsp;<\/p>\n<p><strong>Une injection pour une IRM : comment et avec quels risques ?<\/strong><\/p>\n<p>&nbsp;<\/p>\n<p>Le produit de contraste le plus souvent utilis\u00e9 est \u00e0 base de Gadolinium.<\/p>\n<p>&nbsp;<\/p>\n<p>Ce produit est g\u00e9n\u00e9ralement bien tol\u00e9r\u00e9. D\u2019\u00e9ventuelles manifestations allergiques banales sont possibles (urticaire). De tr\u00e8s graves r\u00e9actions d&#8217;allergie sont tout \u00e0 fait exceptionnelles.<\/p>\n<p>&nbsp;<\/p>\n<p>La piq\u00fbre peut provoquer la formation d\u2019un petit h\u00e9matome sans gravit\u00e9, qui se r\u00e9sorbera spontan\u00e9ment en quelques jours.<\/p>\n<p>&nbsp;<\/p>\n<p><strong>Quels sont les autres risques ?<\/strong><\/p>\n<p>&nbsp;<\/p>\n<p>Le port d\u2019une pile (pacemaker), d\u2019une valve cardiaque m\u00e9canique, ou de tout \u00e9l\u00e9ment contenant du fer pr\u00e8s des yeux ou dans la t\u00eate constitue un facteur de risque majeur (risque de d\u00e9c\u00e8s, de c\u00e9cit\u00e9).<\/p>\n<p>&nbsp;<\/p>\n<p><strong>R\u00e9sultats<\/strong><\/p>\n<p>&nbsp;<\/p>\n<p>Un premier commentaire pourra vous \u00eatre donn\u00e9 juste apr\u00e8s l\u2019examen, il ne s\u2019agira l\u00e0 que d\u2019une premi\u00e8re approche, car les images doivent \u00eatre ensuite analys\u00e9es sur un ordinateur par le m\u00e9decin radiologue. Le compte-rendu \u00e9crit sera disponible dans les meilleurs d\u00e9lais.<\/p>\n","protected":false},"excerpt":{"rendered":"<p>IRM &nbsp; De quoi s\u2019agit-il ? &nbsp; IRM veut dire Imagerie par R\u00e9sonance Magn\u00e9tique. &nbsp; L\u2019IRM\u00a0 n\u2019utilisent pas de rayons X &nbsp; Ce sont des examens non irradiants qui utilisent les propri\u00e9t\u00e9s des champs magn\u00e9tiques pour l\u2019IRM. &nbsp; Pour les intensit\u00e9s utilis\u00e9es par cette technique, il n\u2019a jamais \u00e9t\u00e9 d\u00e9crit de cons\u00e9quence particuli\u00e8re pour l\u2019homme. [&hellip;]<\/p>\n","protected":false},"author":1,"featured_media":0,"parent":0,"menu_order":0,"comment_status":"closed","ping_status":"closed","template":"","meta":[],"_links":{"self":[{"href":"https:\/\/radiologie-cambrai.fr\/index.php?rest_route=\/wp\/v2\/pages\/36"}],"collection":[{"href":"https:\/\/radiologie-cambrai.fr\/index.php?rest_route=\/wp\/v2\/pages"}],"about":[{"href":"https:\/\/radiologie-cambrai.fr\/index.php?rest_route=\/wp\/v2\/types\/page"}],"author":[{"embeddable":true,"href":"https:\/\/radiologie-cambrai.fr\/index.php?rest_route=\/wp\/v2\/users\/1"}],"replies":[{"embeddable":true,"href":"https:\/\/radiologie-cambrai.fr\/index.php?rest_route=%2Fwp%2Fv2%2Fcomments&post=36"}],"version-history":[{"count":9,"href":"https:\/\/radiologie-cambrai.fr\/index.php?rest_route=\/wp\/v2\/pages\/36\/revisions"}],"predecessor-version":[{"id":332,"href":"https:\/\/radiologie-cambrai.fr\/index.php?rest_route=\/wp\/v2\/pages\/36\/revisions\/332"}],"wp:attachment":[{"href":"https:\/\/radiologie-cambrai.fr\/index.php?rest_route=%2Fwp%2Fv2%2Fmedia&parent=36"}],"curies":[{"name":"wp","href":"https:\/\/api.w.org\/{rel}","templated":true}]}}