{"id":32,"date":"2018-05-15T18:56:03","date_gmt":"2018-05-15T16:56:03","guid":{"rendered":"http:\/\/radiologie-cambrai.fr\/?page_id=32"},"modified":"2018-06-14T08:02:50","modified_gmt":"2018-06-14T06:02:50","slug":"radiographie","status":"publish","type":"page","link":"https:\/\/radiologie-cambrai.fr\/?page_id=32","title":{"rendered":"Radiographie"},"content":{"rendered":"<h1 style=\"text-align: center;\">Radiographie standard<\/h1>\n<h3 style=\"text-align: center;\"><strong>De quoi s\u2019agit-il\u00a0?<\/strong><\/h3>\n<p><strong>\u00a0<\/strong><\/p>\n<p>Le principe de base de la radiographie est l&#8217;utilisation des rayons X, qui, en traversant le corps, permettent de visualiser le squelette et les organes.<\/p>\n<p>Anciennement utilis\u00e9e sur support de films photographiques, la radiographie s&#8217;est transform\u00e9e avec la num\u00e9risation des images.<\/p>\n<p>Un examen radiographique ne demande pas de pr\u00e9paration particuli\u00e8re et n&#8217;a pas de contre indication sauf parfois chez la femme enceinte.<\/p>\n<p>\u200b<\/p>\n<p><strong>D\u00e9roulement de l&#8217;examen<\/strong><\/p>\n<p>&nbsp;<\/p>\n<p>Vous \u00eates dirig\u00e9 vers l&#8217; espace d\u00e9di\u00e9 \u00e0 la r\u00e9alisation des radiographies, puis pris en charge par un manipulateur ou une manipulatrice qui r\u00e9alise\u00a0les clich\u00e9s demand\u00e9s par votre m\u00e9decin prescripteur.<\/p>\n<p>&nbsp;<\/p>\n<p><strong>Dur\u00e9e de l&#8217;examen<\/strong><strong>\u00a0:<\/strong><\/p>\n<p>&nbsp;<\/p>\n<p>La dur\u00e9e de l&#8217;examen peut varier en fonction de votre anatomie et du nombre de clich\u00e9s n\u00e9cessaires, soit environ de 5 \u00e0 30 minutes.<\/p>\n<p>&nbsp;<\/p>\n<p><strong>Les r\u00e9sultats<\/strong><strong>\u00a0:<\/strong><\/p>\n<p><strong>\u00a0<\/strong><\/p>\n<p>Le m\u00e9decin radiologue fait une interpr\u00e9tation des images r\u00e9alis\u00e9es et vous communiquera les r\u00e9sultats.<\/p>\n<p>&nbsp;<\/p>\n<p>Les clich\u00e9s radiographiques et le compte rendu vous seront ensuite remis par le secr\u00e9tariat.<\/p>\n","protected":false},"excerpt":{"rendered":"<p>Radiographie standard De quoi s\u2019agit-il\u00a0? \u00a0 Le principe de base de la radiographie est l&#8217;utilisation des rayons X, qui, en traversant le corps, permettent de visualiser le squelette et les organes. Anciennement utilis\u00e9e sur support de films photographiques, la radiographie s&#8217;est transform\u00e9e avec la num\u00e9risation des images. Un examen radiographique ne demande pas de pr\u00e9paration [&hellip;]<\/p>\n","protected":false},"author":1,"featured_media":0,"parent":0,"menu_order":0,"comment_status":"closed","ping_status":"closed","template":"","meta":[],"_links":{"self":[{"href":"https:\/\/radiologie-cambrai.fr\/index.php?rest_route=\/wp\/v2\/pages\/32"}],"collection":[{"href":"https:\/\/radiologie-cambrai.fr\/index.php?rest_route=\/wp\/v2\/pages"}],"about":[{"href":"https:\/\/radiologie-cambrai.fr\/index.php?rest_route=\/wp\/v2\/types\/page"}],"author":[{"embeddable":true,"href":"https:\/\/radiologie-cambrai.fr\/index.php?rest_route=\/wp\/v2\/users\/1"}],"replies":[{"embeddable":true,"href":"https:\/\/radiologie-cambrai.fr\/index.php?rest_route=%2Fwp%2Fv2%2Fcomments&post=32"}],"version-history":[{"count":5,"href":"https:\/\/radiologie-cambrai.fr\/index.php?rest_route=\/wp\/v2\/pages\/32\/revisions"}],"predecessor-version":[{"id":321,"href":"https:\/\/radiologie-cambrai.fr\/index.php?rest_route=\/wp\/v2\/pages\/32\/revisions\/321"}],"wp:attachment":[{"href":"https:\/\/radiologie-cambrai.fr\/index.php?rest_route=%2Fwp%2Fv2%2Fmedia&parent=32"}],"curies":[{"name":"wp","href":"https:\/\/api.w.org\/{rel}","templated":true}]}}