{"id":2,"date":"2018-04-17T11:39:16","date_gmt":"2018-04-17T09:39:16","guid":{"rendered":"http:\/\/radiologie-cambrai.fr\/?page_id=2"},"modified":"2026-02-26T14:36:58","modified_gmt":"2026-02-26T13:36:58","slug":"page-d-exemple","status":"publish","type":"page","link":"https:\/\/radiologie-cambrai.fr\/","title":{"rendered":"Accueil"},"content":{"rendered":"<h2 style=\"text-align: center;\"><img loading=\"lazy\" class=\"size-medium wp-image-180 aligncenter\" src=\"https:\/\/radiologie-cambrai.fr\/wp-content\/uploads\/2018\/05\/cambraibleu2-e1527607964857-300x297.png\" alt=\"\" width=\"300\" height=\"297\" srcset=\"https:\/\/radiologie-cambrai.fr\/wp-content\/uploads\/2018\/05\/cambraibleu2-e1527607964857-300x297.png 300w, https:\/\/radiologie-cambrai.fr\/wp-content\/uploads\/2018\/05\/cambraibleu2-e1527607964857-150x150.png 150w, https:\/\/radiologie-cambrai.fr\/wp-content\/uploads\/2018\/05\/cambraibleu2-e1527607964857-768x759.png 768w, https:\/\/radiologie-cambrai.fr\/wp-content\/uploads\/2018\/05\/cambraibleu2-e1527607964857-1024x1012.png 1024w, https:\/\/radiologie-cambrai.fr\/wp-content\/uploads\/2018\/05\/cambraibleu2-e1527607964857.png 1047w\" sizes=\"(max-width: 300px) 100vw, 300px\" \/>Cabinet Radiologique St Pol de Cambrai<\/h2>\n<p>&nbsp;<\/p>\n<p style=\"margin: 0cm; text-align: center;\"><div id=\"metaslider-id-262\" style=\"max-width: 700px; margin: 0 auto;\" class=\"ml-slider-3-108-0 metaslider metaslider-flex metaslider-262 ml-slider has-dots-nav ms-theme-default\" role=\"region\" aria-label=\"Homeslider\" data-height=\"300\" data-width=\"700\">\n    <div id=\"metaslider_container_262\">\n        <div id=\"metaslider_262\">\n            <ul class='slides'>\n                <li style=\"display: block; width: 100%;\" class=\"slide-285 ms-image \" aria-roledescription=\"slide\" data-date=\"2018-06-04 17:59:28\" data-filename=\"IMG_1-3-700x300.jpg\" data-slide-type=\"image\"><img src=\"https:\/\/radiologie-cambrai.fr\/wp-content\/uploads\/2018\/06\/IMG_1-3-700x300.jpg\" height=\"300\" width=\"700\" alt=\"\" class=\"slider-262 slide-285 msDefaultImage\" title=\"IMG_1 (3)\" \/><\/li>\n                <li style=\"display: none; width: 100%;\" class=\"slide-264 ms-image \" aria-roledescription=\"slide\" data-date=\"2018-06-02 18:34:57\" data-filename=\"IMG_1-16-700x300.jpg\" data-slide-type=\"image\"><img src=\"https:\/\/radiologie-cambrai.fr\/wp-content\/uploads\/2018\/06\/IMG_1-16-700x300.jpg\" height=\"300\" width=\"700\" alt=\"\" class=\"slider-262 slide-264 msDefaultImage\" title=\"IMG_1 (16)\" \/><\/li>\n                <li style=\"display: none; width: 100%;\" class=\"slide-265 ms-image \" aria-roledescription=\"slide\" data-date=\"2018-06-02 18:35:01\" data-filename=\"IMG_1-15-700x300.jpg\" data-slide-type=\"image\"><img src=\"https:\/\/radiologie-cambrai.fr\/wp-content\/uploads\/2018\/06\/IMG_1-15-700x300.jpg\" height=\"300\" width=\"700\" alt=\"\" class=\"slider-262 slide-265 msDefaultImage\" title=\"IMG_1 (15)\" \/><\/li>\n                <li style=\"display: none; width: 100%;\" class=\"slide-266 ms-image \" aria-roledescription=\"slide\" data-date=\"2018-06-02 18:35:04\" data-filename=\"IMG_1-14-700x300.jpg\" data-slide-type=\"image\"><img src=\"https:\/\/radiologie-cambrai.fr\/wp-content\/uploads\/2018\/06\/IMG_1-14-700x300.jpg\" height=\"300\" width=\"700\" alt=\"\" class=\"slider-262 slide-266 msDefaultImage\" title=\"IMG_1 (14)\" \/><\/li>\n                <li style=\"display: none; width: 100%;\" class=\"slide-268 ms-image \" aria-roledescription=\"slide\" data-date=\"2018-06-02 18:35:12\" data-filename=\"IMG_1-2-700x300.jpg\" data-slide-type=\"image\"><img src=\"https:\/\/radiologie-cambrai.fr\/wp-content\/uploads\/2018\/06\/IMG_1-2-700x300.jpg\" height=\"300\" width=\"700\" alt=\"\" class=\"slider-262 slide-268 msDefaultImage\" title=\"IMG_1 (2)\" \/><\/li>\n            <\/ul>\n        <\/div>\n        \n    <\/div>\n<\/div><\/p>\n<p>&nbsp;<\/p>\n<p>&nbsp;<\/p>\n<div class=\"csRow\">\n<div class=\"csColumnGap\" style=\"margin: 0px; padding: 0px; float: left; width: 1.56%;\"><img style=\"border: none;\" src=\"https:\/\/radiologie-cambrai.fr\/wp-content\/plugins\/advanced-wp-columns\/assets\/js\/plugins\/views\/img\/1x1-pixel.png\"><\/div>\n<div class=\"csColumn\" style=\"margin: 0px; padding: 0px; float: left; width: 31.3%;\" data-csstartpoint=\"15\" data-csendpoint=\"315\" data-cswidth=\"31.3%\" data-csid=\"91aa42c5-a9ab-bd1a-a044-f12bae9aa38e\">\n<h4 style=\"text-align: center;\">Nos m\u00e9decins<\/h4>\n<p style=\"text-align: center;\">Venez d\u00e9couvrir notre \u00e9quipe m\u00e9dicale.<\/p>\n<p>&nbsp;<\/p>\n<p><img loading=\"lazy\" class=\"size-medium wp-image-278 aligncenter\" src=\"https:\/\/radiologie-cambrai.fr\/wp-content\/uploads\/2018\/06\/IMG_1-18-1-300x157.jpg\" alt=\"\" width=\"300\" height=\"157\" srcset=\"https:\/\/radiologie-cambrai.fr\/wp-content\/uploads\/2018\/06\/IMG_1-18-1-300x157.jpg 300w, https:\/\/radiologie-cambrai.fr\/wp-content\/uploads\/2018\/06\/IMG_1-18-1-768x403.jpg 768w, https:\/\/radiologie-cambrai.fr\/wp-content\/uploads\/2018\/06\/IMG_1-18-1-1024x538.jpg 1024w, https:\/\/radiologie-cambrai.fr\/wp-content\/uploads\/2018\/06\/IMG_1-18-1-1500x787.jpg 1500w\" sizes=\"(max-width: 300px) 100vw, 300px\" \/><\/p>\n<p>&nbsp;<\/p>\n<p style=\"text-align: center;\"><a href=\"https:\/\/radiologie-cambrai.fr\/?page_id=8\">En savoir plus &gt;&gt;<\/a><\/p>\n<\/div>\n<div class=\"csColumnGap\" style=\"margin: 0px; padding: 0px; float: left; width: 1.56%;\"><img style=\"border: none;\" src=\"https:\/\/radiologie-cambrai.fr\/wp-content\/plugins\/advanced-wp-columns\/assets\/js\/plugins\/views\/img\/1x1-pixel.png\"><\/div>\n<div class=\"csColumn\" style=\"margin: 0px; padding: 0px; float: left; width: 31.3%;\" data-csstartpoint=\"330\" data-csendpoint=\"630\" data-cswidth=\"31.3%\" data-csid=\"b137010e-d8a9-a649-97e0-89988be89c4b\">\n<h4 style=\"text-align: center;\">Les actes m\u00e9dicaux<\/h4>\n<p style=\"text-align: center;\">Vous vous demandez comment va se d\u00e9rouler votre rendez-vous ?<\/p>\n<p><img loading=\"lazy\" class=\"size-medium wp-image-275 aligncenter\" src=\"https:\/\/radiologie-cambrai.fr\/wp-content\/uploads\/2018\/06\/arthrographie-epaule-300x247.jpg\" alt=\"\" width=\"300\" height=\"247\" srcset=\"https:\/\/radiologie-cambrai.fr\/wp-content\/uploads\/2018\/06\/arthrographie-epaule-300x247.jpg 300w, https:\/\/radiologie-cambrai.fr\/wp-content\/uploads\/2018\/06\/arthrographie-epaule.jpg 445w\" sizes=\"(max-width: 300px) 100vw, 300px\" \/><\/p>\n<p>&nbsp;<\/p>\n<p style=\"text-align: center;\"><a href=\"https:\/\/radiologie-cambrai.fr\/?page_id=10\">En savoir plus &gt;&gt;<\/a><\/p>\n<\/div>\n<div class=\"csColumnGap\" style=\"margin: 0px; padding: 0px; float: left; width: 1.56%;\"><img style=\"border: none;\" src=\"https:\/\/radiologie-cambrai.fr\/wp-content\/plugins\/advanced-wp-columns\/assets\/js\/plugins\/views\/img\/1x1-pixel.png\"><\/div>\n<div class=\"csColumn\" style=\"margin: 0px; padding: 0px; float: left; width: 31.3%;\" data-csstartpoint=\"645\" data-csendpoint=\"945\" data-cswidth=\"31.3%\" data-csid=\"48d094f7-799e-90fd-b3e3-045f1ac9a1e3\">\n<h4 style=\"text-align: center;\">Notre mat\u00e9riel<\/h4>\n<p style=\"text-align: center;\">D\u00e9couvrez les diff\u00e9rents appareils de notre cabinet.<\/p>\n<p><img loading=\"lazy\" class=\"size-medium wp-image-170 aligncenter\" src=\"https:\/\/radiologie-cambrai.fr\/wp-content\/uploads\/2018\/05\/salle-radio-1-300x225.jpg\" alt=\"\" width=\"300\" height=\"225\" srcset=\"https:\/\/radiologie-cambrai.fr\/wp-content\/uploads\/2018\/05\/salle-radio-1-300x225.jpg 300w, https:\/\/radiologie-cambrai.fr\/wp-content\/uploads\/2018\/05\/salle-radio-1-768x577.jpg 768w, https:\/\/radiologie-cambrai.fr\/wp-content\/uploads\/2018\/05\/salle-radio-1-1024x769.jpg 1024w, https:\/\/radiologie-cambrai.fr\/wp-content\/uploads\/2018\/05\/salle-radio-1-1500x1126.jpg 1500w\" sizes=\"(max-width: 300px) 100vw, 300px\" \/><\/p>\n<p style=\"text-align: center;\"><a href=\"https:\/\/radiologie-cambrai.fr\/?page_id=9\">En savoir plus &gt;&gt;<\/a><\/p>\n<\/div>\n<div class=\"csColumnGap\" style=\"margin: 0px; padding: 0px; float: left; width: 1.56%;\"><img style=\"border: none;\" src=\"https:\/\/radiologie-cambrai.fr\/wp-content\/plugins\/advanced-wp-columns\/assets\/js\/plugins\/views\/img\/1x1-pixel.png\"><\/div>\n<div style=\"clear: both; float: none; display: block; visibility: hidden; width: 0px; font-size: 0px; line-height: 0;\">&nbsp;<\/div>\n<\/div>\n<p>&nbsp;<br \/>\n&nbsp;<\/p>\n<p style=\"margin: 0cm; vertical-align: baseline; text-align: center;\"><b><u><span style=\"font-family: 'Times New Roman',serif;\">Forfait&nbsp;d&#8217;impression et d\u2019archivage num\u00e9rique&nbsp;longue dur\u00e9e<\/span><\/u><\/b><u><span style=\"font-family: 'Times New Roman',serif;\">&nbsp;:<\/span><\/u><\/p>\n<p style=\"margin: 0cm; text-align: center;\"><span style=\"font-family: 'Times New Roman',serif;\">Des frais non rembours\u00e9s par les organismes de la S\u00e9curit\u00e9 Sociale peuvent s\u2019appliquer, et une facture sera \u00e9mise.<\/span><\/p>\n","protected":false},"excerpt":{"rendered":"<p>Cabinet Radiologique St Pol de Cambrai &nbsp; &nbsp; &nbsp; Nos m\u00e9decins Venez d\u00e9couvrir notre \u00e9quipe m\u00e9dicale. &nbsp; &nbsp; En savoir plus &gt;&gt; Les actes m\u00e9dicaux Vous vous demandez comment va se d\u00e9rouler votre rendez-vous ? &nbsp; En savoir plus &gt;&gt; Notre mat\u00e9riel D\u00e9couvrez les diff\u00e9rents appareils de notre cabinet. En savoir plus &gt;&gt; &nbsp; &nbsp; [&hellip;]<\/p>\n","protected":false},"author":1,"featured_media":0,"parent":0,"menu_order":0,"comment_status":"closed","ping_status":"open","template":"fullwidth-page.php","meta":[],"_links":{"self":[{"href":"https:\/\/radiologie-cambrai.fr\/index.php?rest_route=\/wp\/v2\/pages\/2"}],"collection":[{"href":"https:\/\/radiologie-cambrai.fr\/index.php?rest_route=\/wp\/v2\/pages"}],"about":[{"href":"https:\/\/radiologie-cambrai.fr\/index.php?rest_route=\/wp\/v2\/types\/page"}],"author":[{"embeddable":true,"href":"https:\/\/radiologie-cambrai.fr\/index.php?rest_route=\/wp\/v2\/users\/1"}],"replies":[{"embeddable":true,"href":"https:\/\/radiologie-cambrai.fr\/index.php?rest_route=%2Fwp%2Fv2%2Fcomments&post=2"}],"version-history":[{"count":43,"href":"https:\/\/radiologie-cambrai.fr\/index.php?rest_route=\/wp\/v2\/pages\/2\/revisions"}],"predecessor-version":[{"id":356,"href":"https:\/\/radiologie-cambrai.fr\/index.php?rest_route=\/wp\/v2\/pages\/2\/revisions\/356"}],"wp:attachment":[{"href":"https:\/\/radiologie-cambrai.fr\/index.php?rest_route=%2Fwp%2Fv2%2Fmedia&parent=2"}],"curies":[{"name":"wp","href":"https:\/\/api.w.org\/{rel}","templated":true}]}}